{"id":226,"date":"2023-06-06T06:21:56","date_gmt":"2023-06-06T06:21:56","guid":{"rendered":"https:\/\/holiday-inn-saigon-airport.ms.decms.asia\/?page_id=226"},"modified":"2024-09-06T02:30:53","modified_gmt":"2024-09-06T02:30:53","slug":"overview","status":"publish","type":"page","link":"https:\/\/www.hisaigonairport.com\/vi\/overview\/","title":{"rendered":"Gi\u1edbi thi\u1ec7u t\u1ed5ng quan"},"content":{"rendered":"","protected":false},"excerpt":{"rendered":"","protected":false},"author":167,"featured_media":523,"parent":0,"menu_order":0,"comment_status":"closed","ping_status":"closed","template":"tpl-overview\/tpl-overview.php","meta":{"footnotes":""},"acf":[],"yoast_head":"<!-- This site is optimized with the Yoast SEO plugin v22.3 - https:\/\/yoast.com\/wordpress\/plugins\/seo\/ -->\n<title>T\u1ed5ng quan kh\u00e1ch s\u1ea1n | Holiday Inn &amp; Suites Saigon Airport<\/title>\n<meta name=\"description\" content=\"Tr\u1ea3i nghi\u1ec7m t\u1ed5ng quan kh\u00e1ch s\u1ea1n v\u1edbi ti\u1ec7n nghi v\u00e0 d\u1ecbch v\u1ee5 hi\u1ec7n \u0111\u1ea1i bao g\u1ed3m h\u1ed3 b\u01a1i ngo\u00e0i tr\u1eddi, ph\u00f2ng h\u1ecdp, ph\u00f2ng gym v\u00e0 nh\u00e0 h\u00e0ng.\" \/>\n<meta name=\"robots\" content=\"index, follow, max-snippet:-1, max-image-preview:large, max-video-preview:-1\" \/>\n<link rel=\"canonical\" href=\"https:\/\/www.hisaigonairport.com\/vi\/overview\/\" \/>\n<meta property=\"og:locale\" content=\"vi_VN\" \/>\n<meta property=\"og:type\" content=\"article\" \/>\n<meta property=\"og:title\" content=\"T\u1ed5ng quan kh\u00e1ch s\u1ea1n | Holiday Inn &amp; Suites Saigon Airport\" \/>\n<meta property=\"og:description\" content=\"Tr\u1ea3i nghi\u1ec7m t\u1ed5ng quan kh\u00e1ch s\u1ea1n v\u1edbi ti\u1ec7n nghi v\u00e0 d\u1ecbch v\u1ee5 hi\u1ec7n \u0111\u1ea1i bao g\u1ed3m h\u1ed3 b\u01a1i ngo\u00e0i tr\u1eddi, ph\u00f2ng h\u1ecdp, ph\u00f2ng gym v\u00e0 nh\u00e0 h\u00e0ng.\" \/>\n<meta property=\"og:url\" content=\"https:\/\/www.hisaigonairport.com\/vi\/overview\/\" \/>\n<meta property=\"og:site_name\" content=\"Holiday Inn Saigon Airport\" \/>\n<meta property=\"article:publisher\" content=\"https:\/\/www.facebook.com\/holidayinnsaigon\/\" \/>\n<meta property=\"article:modified_time\" content=\"2024-09-06T02:30:53+00:00\" \/>\n<meta property=\"og:image\" content=\"https:\/\/www.hisaigonairport.com\/wp-content\/uploads\/sites\/283\/2023\/10\/Holiday-Inn-Suites-Saigon-Airport_Facade-3.jpg\" \/>\n\t<meta property=\"og:image:width\" content=\"2560\" \/>\n\t<meta property=\"og:image:height\" content=\"1438\" \/>\n\t<meta property=\"og:image:type\" content=\"image\/jpeg\" \/>\n<meta name=\"twitter:card\" content=\"summary_large_image\" \/>\n<script type=\"application\/ld+json\" class=\"yoast-schema-graph\">{\"@context\":\"https:\/\/schema.org\",\"@graph\":[{\"@type\":\"WebPage\",\"@id\":\"https:\/\/www.hisaigonairport.com\/vi\/overview\/\",\"url\":\"https:\/\/www.hisaigonairport.com\/vi\/overview\/\",\"name\":\"T\u1ed5ng quan kh\u00e1ch s\u1ea1n | Holiday Inn & Suites Saigon Airport\",\"isPartOf\":{\"@id\":\"https:\/\/www.hisaigonairport.com\/vi\/#website\"},\"primaryImageOfPage\":{\"@id\":\"https:\/\/www.hisaigonairport.com\/vi\/overview\/#primaryimage\"},\"image\":{\"@id\":\"https:\/\/www.hisaigonairport.com\/vi\/overview\/#primaryimage\"},\"thumbnailUrl\":\"https:\/\/www.hisaigonairport.com\/wp-content\/uploads\/sites\/283\/2023\/10\/Holiday-Inn-Suites-Saigon-Airport_Facade-3.jpg\",\"datePublished\":\"2023-06-06T06:21:56+00:00\",\"dateModified\":\"2024-09-06T02:30:53+00:00\",\"description\":\"Tr\u1ea3i nghi\u1ec7m t\u1ed5ng quan kh\u00e1ch s\u1ea1n v\u1edbi ti\u1ec7n nghi v\u00e0 d\u1ecbch v\u1ee5 hi\u1ec7n \u0111\u1ea1i bao g\u1ed3m h\u1ed3 b\u01a1i ngo\u00e0i tr\u1eddi, ph\u00f2ng h\u1ecdp, ph\u00f2ng gym v\u00e0 nh\u00e0 h\u00e0ng.\",\"breadcrumb\":{\"@id\":\"https:\/\/www.hisaigonairport.com\/vi\/overview\/#breadcrumb\"},\"inLanguage\":\"vi-VN\",\"potentialAction\":[{\"@type\":\"ReadAction\",\"target\":[\"https:\/\/www.hisaigonairport.com\/vi\/overview\/\"]}]},{\"@type\":\"ImageObject\",\"inLanguage\":\"vi-VN\",\"@id\":\"https:\/\/www.hisaigonairport.com\/vi\/overview\/#primaryimage\",\"url\":\"https:\/\/www.hisaigonairport.com\/wp-content\/uploads\/sites\/283\/2023\/10\/Holiday-Inn-Suites-Saigon-Airport_Facade-3.jpg\",\"contentUrl\":\"https:\/\/www.hisaigonairport.com\/wp-content\/uploads\/sites\/283\/2023\/10\/Holiday-Inn-Suites-Saigon-Airport_Facade-3.jpg\",\"width\":2560,\"height\":1438,\"caption\":\"the overview saigon airport hotel with stunning ourdoor pool - t\u1ed5ng quan kh\u00e1ch s\u1ea1n v\u1edbi b\u1ec3 b\u01a1i ngo\u00e0i tr\u1eddi r\u1ed9ng l\u1edbn\"},{\"@type\":\"BreadcrumbList\",\"@id\":\"https:\/\/www.hisaigonairport.com\/vi\/overview\/#breadcrumb\",\"itemListElement\":[{\"@type\":\"ListItem\",\"position\":1,\"name\":\"Home\",\"item\":\"https:\/\/www.hisaigonairport.com\/vi\/\"},{\"@type\":\"ListItem\",\"position\":2,\"name\":\"Gi\u1edbi thi\u1ec7u t\u1ed5ng quan\"}]},{\"@type\":\"WebSite\",\"@id\":\"https:\/\/www.hisaigonairport.com\/vi\/#website\",\"url\":\"https:\/\/www.hisaigonairport.com\/vi\/\",\"name\":\"Holiday Inn & Suites Saigon Airport\",\"description\":\"\",\"publisher\":{\"@id\":\"https:\/\/www.hisaigonairport.com\/vi\/#organization\"},\"alternateName\":\"Holiday Inn & Suites Saigon Airport by IHG\",\"potentialAction\":[{\"@type\":\"SearchAction\",\"target\":{\"@type\":\"EntryPoint\",\"urlTemplate\":\"https:\/\/www.hisaigonairport.com\/vi\/?s={search_term_string}\"},\"query-input\":\"required name=search_term_string\"}],\"inLanguage\":\"vi-VN\"},{\"@type\":\"Organization\",\"@id\":\"https:\/\/www.hisaigonairport.com\/vi\/#organization\",\"name\":\"Holiday Inn & Suites Saigon Airport\",\"alternateName\":\"Holiday Inn & Suites Saigon Airport by IHG\",\"url\":\"https:\/\/www.hisaigonairport.com\/vi\/\",\"logo\":{\"@type\":\"ImageObject\",\"inLanguage\":\"vi-VN\",\"@id\":\"https:\/\/www.hisaigonairport.com\/vi\/#\/schema\/logo\/image\/\",\"url\":\"https:\/\/www.hisaigonairport.com\/wp-content\/uploads\/sites\/283\/2025\/09\/HISA_Vertical-Lockup_Brandmark-by-IHG_RGB.png\",\"contentUrl\":\"https:\/\/www.hisaigonairport.com\/wp-content\/uploads\/sites\/283\/2025\/09\/HISA_Vertical-Lockup_Brandmark-by-IHG_RGB.png\",\"width\":1819,\"height\":2200,\"caption\":\"Holiday Inn & Suites Saigon Airport\"},\"image\":{\"@id\":\"https:\/\/www.hisaigonairport.com\/vi\/#\/schema\/logo\/image\/\"},\"sameAs\":[\"https:\/\/www.facebook.com\/holidayinnsaigon\/\"]}]}<\/script>\n<!-- \/ Yoast SEO plugin. -->","yoast_head_json":{"title":"T\u1ed5ng quan kh\u00e1ch s\u1ea1n | Holiday Inn & Suites Saigon Airport","description":"Tr\u1ea3i nghi\u1ec7m t\u1ed5ng quan kh\u00e1ch s\u1ea1n v\u1edbi ti\u1ec7n nghi v\u00e0 d\u1ecbch v\u1ee5 hi\u1ec7n \u0111\u1ea1i bao g\u1ed3m h\u1ed3 b\u01a1i ngo\u00e0i tr\u1eddi, ph\u00f2ng h\u1ecdp, ph\u00f2ng gym v\u00e0 nh\u00e0 h\u00e0ng.","robots":{"index":"index","follow":"follow","max-snippet":"max-snippet:-1","max-image-preview":"max-image-preview:large","max-video-preview":"max-video-preview:-1"},"canonical":"https:\/\/www.hisaigonairport.com\/vi\/overview\/","og_locale":"vi_VN","og_type":"article","og_title":"T\u1ed5ng quan kh\u00e1ch s\u1ea1n | Holiday Inn & Suites Saigon Airport","og_description":"Tr\u1ea3i nghi\u1ec7m t\u1ed5ng quan kh\u00e1ch s\u1ea1n v\u1edbi ti\u1ec7n nghi v\u00e0 d\u1ecbch v\u1ee5 hi\u1ec7n \u0111\u1ea1i bao g\u1ed3m h\u1ed3 b\u01a1i ngo\u00e0i tr\u1eddi, ph\u00f2ng h\u1ecdp, ph\u00f2ng gym v\u00e0 nh\u00e0 h\u00e0ng.","og_url":"https:\/\/www.hisaigonairport.com\/vi\/overview\/","og_site_name":"Holiday Inn Saigon Airport","article_publisher":"https:\/\/www.facebook.com\/holidayinnsaigon\/","article_modified_time":"2024-09-06T02:30:53+00:00","og_image":[{"width":2560,"height":1438,"url":"https:\/\/www.hisaigonairport.com\/wp-content\/uploads\/sites\/283\/2023\/10\/Holiday-Inn-Suites-Saigon-Airport_Facade-3.jpg","type":"image\/jpeg"}],"twitter_card":"summary_large_image","schema":{"@context":"https:\/\/schema.org","@graph":[{"@type":"WebPage","@id":"https:\/\/www.hisaigonairport.com\/vi\/overview\/","url":"https:\/\/www.hisaigonairport.com\/vi\/overview\/","name":"T\u1ed5ng quan kh\u00e1ch s\u1ea1n | Holiday Inn & Suites Saigon Airport","isPartOf":{"@id":"https:\/\/www.hisaigonairport.com\/vi\/#website"},"primaryImageOfPage":{"@id":"https:\/\/www.hisaigonairport.com\/vi\/overview\/#primaryimage"},"image":{"@id":"https:\/\/www.hisaigonairport.com\/vi\/overview\/#primaryimage"},"thumbnailUrl":"https:\/\/www.hisaigonairport.com\/wp-content\/uploads\/sites\/283\/2023\/10\/Holiday-Inn-Suites-Saigon-Airport_Facade-3.jpg","datePublished":"2023-06-06T06:21:56+00:00","dateModified":"2024-09-06T02:30:53+00:00","description":"Tr\u1ea3i nghi\u1ec7m t\u1ed5ng quan kh\u00e1ch s\u1ea1n v\u1edbi ti\u1ec7n nghi v\u00e0 d\u1ecbch v\u1ee5 hi\u1ec7n \u0111\u1ea1i bao g\u1ed3m h\u1ed3 b\u01a1i ngo\u00e0i tr\u1eddi, ph\u00f2ng h\u1ecdp, ph\u00f2ng gym v\u00e0 nh\u00e0 h\u00e0ng.","breadcrumb":{"@id":"https:\/\/www.hisaigonairport.com\/vi\/overview\/#breadcrumb"},"inLanguage":"vi-VN","potentialAction":[{"@type":"ReadAction","target":["https:\/\/www.hisaigonairport.com\/vi\/overview\/"]}]},{"@type":"ImageObject","inLanguage":"vi-VN","@id":"https:\/\/www.hisaigonairport.com\/vi\/overview\/#primaryimage","url":"https:\/\/www.hisaigonairport.com\/wp-content\/uploads\/sites\/283\/2023\/10\/Holiday-Inn-Suites-Saigon-Airport_Facade-3.jpg","contentUrl":"https:\/\/www.hisaigonairport.com\/wp-content\/uploads\/sites\/283\/2023\/10\/Holiday-Inn-Suites-Saigon-Airport_Facade-3.jpg","width":2560,"height":1438,"caption":"the overview saigon airport hotel with stunning ourdoor pool - t\u1ed5ng quan kh\u00e1ch s\u1ea1n v\u1edbi b\u1ec3 b\u01a1i ngo\u00e0i tr\u1eddi r\u1ed9ng l\u1edbn"},{"@type":"BreadcrumbList","@id":"https:\/\/www.hisaigonairport.com\/vi\/overview\/#breadcrumb","itemListElement":[{"@type":"ListItem","position":1,"name":"Home","item":"https:\/\/www.hisaigonairport.com\/vi\/"},{"@type":"ListItem","position":2,"name":"Gi\u1edbi thi\u1ec7u t\u1ed5ng quan"}]},{"@type":"WebSite","@id":"https:\/\/www.hisaigonairport.com\/vi\/#website","url":"https:\/\/www.hisaigonairport.com\/vi\/","name":"Holiday Inn & Suites Saigon Airport","description":"","publisher":{"@id":"https:\/\/www.hisaigonairport.com\/vi\/#organization"},"alternateName":"Holiday Inn & Suites Saigon Airport by IHG","potentialAction":[{"@type":"SearchAction","target":{"@type":"EntryPoint","urlTemplate":"https:\/\/www.hisaigonairport.com\/vi\/?s={search_term_string}"},"query-input":"required name=search_term_string"}],"inLanguage":"vi-VN"},{"@type":"Organization","@id":"https:\/\/www.hisaigonairport.com\/vi\/#organization","name":"Holiday Inn & Suites Saigon Airport","alternateName":"Holiday Inn & Suites Saigon Airport by IHG","url":"https:\/\/www.hisaigonairport.com\/vi\/","logo":{"@type":"ImageObject","inLanguage":"vi-VN","@id":"https:\/\/www.hisaigonairport.com\/vi\/#\/schema\/logo\/image\/","url":"https:\/\/www.hisaigonairport.com\/wp-content\/uploads\/sites\/283\/2025\/09\/HISA_Vertical-Lockup_Brandmark-by-IHG_RGB.png","contentUrl":"https:\/\/www.hisaigonairport.com\/wp-content\/uploads\/sites\/283\/2025\/09\/HISA_Vertical-Lockup_Brandmark-by-IHG_RGB.png","width":1819,"height":2200,"caption":"Holiday Inn & Suites Saigon Airport"},"image":{"@id":"https:\/\/www.hisaigonairport.com\/vi\/#\/schema\/logo\/image\/"},"sameAs":["https:\/\/www.facebook.com\/holidayinnsaigon\/"]}]}},"_links":{"self":[{"href":"https:\/\/www.hisaigonairport.com\/vi\/wp-json\/wp\/v2\/pages\/226"}],"collection":[{"href":"https:\/\/www.hisaigonairport.com\/vi\/wp-json\/wp\/v2\/pages"}],"about":[{"href":"https:\/\/www.hisaigonairport.com\/vi\/wp-json\/wp\/v2\/types\/page"}],"author":[{"embeddable":true,"href":"https:\/\/www.hisaigonairport.com\/vi\/wp-json\/wp\/v2\/users\/167"}],"replies":[{"embeddable":true,"href":"https:\/\/www.hisaigonairport.com\/vi\/wp-json\/wp\/v2\/comments?post=226"}],"version-history":[{"count":0,"href":"https:\/\/www.hisaigonairport.com\/vi\/wp-json\/wp\/v2\/pages\/226\/revisions"}],"wp:featuredmedia":[{"embeddable":true,"href":"https:\/\/www.hisaigonairport.com\/vi\/wp-json\/wp\/v2\/media\/523"}],"wp:attachment":[{"href":"https:\/\/www.hisaigonairport.com\/vi\/wp-json\/wp\/v2\/media?parent=226"}],"curies":[{"name":"wp","href":"https:\/\/api.w.org\/{rel}","templated":true}]}}