{"id":258,"date":"2023-06-06T07:34:51","date_gmt":"2023-06-06T07:34:51","guid":{"rendered":"https:\/\/holiday-inn-saigon-airport.ms.decms.asia\/?page_id=258"},"modified":"2024-04-25T04:36:40","modified_gmt":"2024-04-25T04:36:40","slug":"presidential-suite","status":"publish","type":"page","link":"https:\/\/www.hisaigonairport.com\/vi\/accommodation\/presidential-suite\/","title":{"rendered":"Ph\u00f2ng T\u1ed5ng Th\u1ed1ng"},"content":{"rendered":"","protected":false},"excerpt":{"rendered":"","protected":false},"author":167,"featured_media":107,"parent":237,"menu_order":0,"comment_status":"closed","ping_status":"closed","template":"tpl-single-room\/tpl-single-room.php","meta":{"footnotes":""},"acf":[],"yoast_head":"<!-- This site is optimized with the Yoast SEO plugin v22.3 - https:\/\/yoast.com\/wordpress\/plugins\/seo\/ -->\n<title>Ph\u00f2ng T\u1ed5ng Th\u1ed1ng | Holiday Inn &amp; Suites Saigon Airport<\/title>\n<meta name=\"description\" content=\"Th\u01b0 gi\u00e3n t\u1ea1i Ph\u00f2ng T\u1ed5ng th\u1ed1ng r\u1ed9ng l\u1edbn v\u1edbi t\u1ea7m nh\u00ecn h\u1ed3 b\u01a1i tuy\u1ec7t \u0111\u1eb9p, ph\u00f2ng kh\u00e1ch, ph\u00f2ng ng\u1ee7 ri\u00eang bi\u1ec7t v\u00e0 c\u00e1c ti\u1ec7n \u00edch hi\u1ec7n \u0111\u1ea1i.\" \/>\n<meta name=\"robots\" content=\"index, follow, max-snippet:-1, max-image-preview:large, max-video-preview:-1\" \/>\n<link rel=\"canonical\" href=\"https:\/\/www.hisaigonairport.com\/vi\/accommodation\/presidential-suite\/\" \/>\n<meta property=\"og:locale\" content=\"vi_VN\" \/>\n<meta property=\"og:type\" content=\"article\" \/>\n<meta property=\"og:title\" content=\"Ph\u00f2ng T\u1ed5ng Th\u1ed1ng | Holiday Inn &amp; Suites Saigon Airport\" \/>\n<meta property=\"og:description\" content=\"Th\u01b0 gi\u00e3n t\u1ea1i Ph\u00f2ng T\u1ed5ng th\u1ed1ng r\u1ed9ng l\u1edbn v\u1edbi t\u1ea7m nh\u00ecn h\u1ed3 b\u01a1i tuy\u1ec7t \u0111\u1eb9p, ph\u00f2ng kh\u00e1ch, ph\u00f2ng ng\u1ee7 ri\u00eang bi\u1ec7t v\u00e0 c\u00e1c ti\u1ec7n \u00edch hi\u1ec7n \u0111\u1ea1i.\" \/>\n<meta property=\"og:url\" content=\"https:\/\/www.hisaigonairport.com\/vi\/accommodation\/presidential-suite\/\" \/>\n<meta property=\"og:site_name\" content=\"Holiday Inn Saigon Airport\" \/>\n<meta property=\"article:publisher\" content=\"https:\/\/www.facebook.com\/holidayinnsaigon\/\" \/>\n<meta property=\"article:modified_time\" content=\"2024-04-25T04:36:40+00:00\" \/>\n<meta property=\"og:image\" content=\"https:\/\/www.hisaigonairport.com\/wp-content\/uploads\/sites\/283\/2023\/06\/Room-type4.jpg\" \/>\n\t<meta property=\"og:image:width\" content=\"2200\" \/>\n\t<meta property=\"og:image:height\" content=\"1312\" \/>\n\t<meta property=\"og:image:type\" content=\"image\/jpeg\" \/>\n<meta name=\"twitter:card\" content=\"summary_large_image\" \/>\n<script type=\"application\/ld+json\" class=\"yoast-schema-graph\">{\"@context\":\"https:\/\/schema.org\",\"@graph\":[{\"@type\":\"WebPage\",\"@id\":\"https:\/\/www.hisaigonairport.com\/vi\/accommodation\/presidential-suite\/\",\"url\":\"https:\/\/www.hisaigonairport.com\/vi\/accommodation\/presidential-suite\/\",\"name\":\"Ph\u00f2ng T\u1ed5ng Th\u1ed1ng | Holiday Inn & Suites Saigon Airport\",\"isPartOf\":{\"@id\":\"https:\/\/www.hisaigonairport.com\/vi\/#website\"},\"primaryImageOfPage\":{\"@id\":\"https:\/\/www.hisaigonairport.com\/vi\/accommodation\/presidential-suite\/#primaryimage\"},\"image\":{\"@id\":\"https:\/\/www.hisaigonairport.com\/vi\/accommodation\/presidential-suite\/#primaryimage\"},\"thumbnailUrl\":\"https:\/\/www.hisaigonairport.com\/wp-content\/uploads\/sites\/283\/2023\/06\/Room-type4.jpg\",\"datePublished\":\"2023-06-06T07:34:51+00:00\",\"dateModified\":\"2024-04-25T04:36:40+00:00\",\"description\":\"Th\u01b0 gi\u00e3n t\u1ea1i Ph\u00f2ng T\u1ed5ng th\u1ed1ng r\u1ed9ng l\u1edbn v\u1edbi t\u1ea7m nh\u00ecn h\u1ed3 b\u01a1i tuy\u1ec7t \u0111\u1eb9p, ph\u00f2ng kh\u00e1ch, ph\u00f2ng ng\u1ee7 ri\u00eang bi\u1ec7t v\u00e0 c\u00e1c ti\u1ec7n \u00edch hi\u1ec7n \u0111\u1ea1i.\",\"breadcrumb\":{\"@id\":\"https:\/\/www.hisaigonairport.com\/vi\/accommodation\/presidential-suite\/#breadcrumb\"},\"inLanguage\":\"vi-VN\",\"potentialAction\":[{\"@type\":\"ReadAction\",\"target\":[\"https:\/\/www.hisaigonairport.com\/vi\/accommodation\/presidential-suite\/\"]}]},{\"@type\":\"ImageObject\",\"inLanguage\":\"vi-VN\",\"@id\":\"https:\/\/www.hisaigonairport.com\/vi\/accommodation\/presidential-suite\/#primaryimage\",\"url\":\"https:\/\/www.hisaigonairport.com\/wp-content\/uploads\/sites\/283\/2023\/06\/Room-type4.jpg\",\"contentUrl\":\"https:\/\/www.hisaigonairport.com\/wp-content\/uploads\/sites\/283\/2023\/06\/Room-type4.jpg\",\"width\":2200,\"height\":1312,\"caption\":\"presidential suites at Holiday Inn & Suites Saigon Airport \/ Ph\u00f2ng t\u1ed5ng th\u1ed1ng t\u1ea1i Holiday Inn & Suites Saigon Airport\"},{\"@type\":\"BreadcrumbList\",\"@id\":\"https:\/\/www.hisaigonairport.com\/vi\/accommodation\/presidential-suite\/#breadcrumb\",\"itemListElement\":[{\"@type\":\"ListItem\",\"position\":1,\"name\":\"Home\",\"item\":\"https:\/\/www.hisaigonairport.com\/vi\/\"},{\"@type\":\"ListItem\",\"position\":2,\"name\":\"Ph\u00f2ng ngh\u1ec9\",\"item\":\"https:\/\/www.hisaigonairport.com\/vi\/accommodation\/\"},{\"@type\":\"ListItem\",\"position\":3,\"name\":\"Ph\u00f2ng T\u1ed5ng Th\u1ed1ng\"}]},{\"@type\":\"WebSite\",\"@id\":\"https:\/\/www.hisaigonairport.com\/vi\/#website\",\"url\":\"https:\/\/www.hisaigonairport.com\/vi\/\",\"name\":\"Holiday Inn & Suites Saigon Airport\",\"description\":\"\",\"publisher\":{\"@id\":\"https:\/\/www.hisaigonairport.com\/vi\/#organization\"},\"alternateName\":\"Holiday Inn & Suites Saigon Airport by IHG\",\"potentialAction\":[{\"@type\":\"SearchAction\",\"target\":{\"@type\":\"EntryPoint\",\"urlTemplate\":\"https:\/\/www.hisaigonairport.com\/vi\/?s={search_term_string}\"},\"query-input\":\"required name=search_term_string\"}],\"inLanguage\":\"vi-VN\"},{\"@type\":\"Organization\",\"@id\":\"https:\/\/www.hisaigonairport.com\/vi\/#organization\",\"name\":\"Holiday Inn & Suites Saigon Airport\",\"alternateName\":\"Holiday Inn & Suites Saigon Airport by IHG\",\"url\":\"https:\/\/www.hisaigonairport.com\/vi\/\",\"logo\":{\"@type\":\"ImageObject\",\"inLanguage\":\"vi-VN\",\"@id\":\"https:\/\/www.hisaigonairport.com\/vi\/#\/schema\/logo\/image\/\",\"url\":\"https:\/\/www.hisaigonairport.com\/wp-content\/uploads\/sites\/283\/2025\/09\/HISA_Vertical-Lockup_Brandmark-by-IHG_RGB.png\",\"contentUrl\":\"https:\/\/www.hisaigonairport.com\/wp-content\/uploads\/sites\/283\/2025\/09\/HISA_Vertical-Lockup_Brandmark-by-IHG_RGB.png\",\"width\":1819,\"height\":2200,\"caption\":\"Holiday Inn & Suites Saigon Airport\"},\"image\":{\"@id\":\"https:\/\/www.hisaigonairport.com\/vi\/#\/schema\/logo\/image\/\"},\"sameAs\":[\"https:\/\/www.facebook.com\/holidayinnsaigon\/\"]}]}<\/script>\n<!-- \/ Yoast SEO plugin. -->","yoast_head_json":{"title":"Ph\u00f2ng T\u1ed5ng Th\u1ed1ng | Holiday Inn & Suites Saigon Airport","description":"Th\u01b0 gi\u00e3n t\u1ea1i Ph\u00f2ng T\u1ed5ng th\u1ed1ng r\u1ed9ng l\u1edbn v\u1edbi t\u1ea7m nh\u00ecn h\u1ed3 b\u01a1i tuy\u1ec7t \u0111\u1eb9p, ph\u00f2ng kh\u00e1ch, ph\u00f2ng ng\u1ee7 ri\u00eang bi\u1ec7t v\u00e0 c\u00e1c ti\u1ec7n \u00edch hi\u1ec7n \u0111\u1ea1i.","robots":{"index":"index","follow":"follow","max-snippet":"max-snippet:-1","max-image-preview":"max-image-preview:large","max-video-preview":"max-video-preview:-1"},"canonical":"https:\/\/www.hisaigonairport.com\/vi\/accommodation\/presidential-suite\/","og_locale":"vi_VN","og_type":"article","og_title":"Ph\u00f2ng T\u1ed5ng Th\u1ed1ng | Holiday Inn & Suites Saigon Airport","og_description":"Th\u01b0 gi\u00e3n t\u1ea1i Ph\u00f2ng T\u1ed5ng th\u1ed1ng r\u1ed9ng l\u1edbn v\u1edbi t\u1ea7m nh\u00ecn h\u1ed3 b\u01a1i tuy\u1ec7t \u0111\u1eb9p, ph\u00f2ng kh\u00e1ch, ph\u00f2ng ng\u1ee7 ri\u00eang bi\u1ec7t v\u00e0 c\u00e1c ti\u1ec7n \u00edch hi\u1ec7n \u0111\u1ea1i.","og_url":"https:\/\/www.hisaigonairport.com\/vi\/accommodation\/presidential-suite\/","og_site_name":"Holiday Inn Saigon Airport","article_publisher":"https:\/\/www.facebook.com\/holidayinnsaigon\/","article_modified_time":"2024-04-25T04:36:40+00:00","og_image":[{"width":2200,"height":1312,"url":"https:\/\/www.hisaigonairport.com\/wp-content\/uploads\/sites\/283\/2023\/06\/Room-type4.jpg","type":"image\/jpeg"}],"twitter_card":"summary_large_image","schema":{"@context":"https:\/\/schema.org","@graph":[{"@type":"WebPage","@id":"https:\/\/www.hisaigonairport.com\/vi\/accommodation\/presidential-suite\/","url":"https:\/\/www.hisaigonairport.com\/vi\/accommodation\/presidential-suite\/","name":"Ph\u00f2ng T\u1ed5ng Th\u1ed1ng | Holiday Inn & Suites Saigon Airport","isPartOf":{"@id":"https:\/\/www.hisaigonairport.com\/vi\/#website"},"primaryImageOfPage":{"@id":"https:\/\/www.hisaigonairport.com\/vi\/accommodation\/presidential-suite\/#primaryimage"},"image":{"@id":"https:\/\/www.hisaigonairport.com\/vi\/accommodation\/presidential-suite\/#primaryimage"},"thumbnailUrl":"https:\/\/www.hisaigonairport.com\/wp-content\/uploads\/sites\/283\/2023\/06\/Room-type4.jpg","datePublished":"2023-06-06T07:34:51+00:00","dateModified":"2024-04-25T04:36:40+00:00","description":"Th\u01b0 gi\u00e3n t\u1ea1i Ph\u00f2ng T\u1ed5ng th\u1ed1ng r\u1ed9ng l\u1edbn v\u1edbi t\u1ea7m nh\u00ecn h\u1ed3 b\u01a1i tuy\u1ec7t \u0111\u1eb9p, ph\u00f2ng kh\u00e1ch, ph\u00f2ng ng\u1ee7 ri\u00eang bi\u1ec7t v\u00e0 c\u00e1c ti\u1ec7n \u00edch hi\u1ec7n \u0111\u1ea1i.","breadcrumb":{"@id":"https:\/\/www.hisaigonairport.com\/vi\/accommodation\/presidential-suite\/#breadcrumb"},"inLanguage":"vi-VN","potentialAction":[{"@type":"ReadAction","target":["https:\/\/www.hisaigonairport.com\/vi\/accommodation\/presidential-suite\/"]}]},{"@type":"ImageObject","inLanguage":"vi-VN","@id":"https:\/\/www.hisaigonairport.com\/vi\/accommodation\/presidential-suite\/#primaryimage","url":"https:\/\/www.hisaigonairport.com\/wp-content\/uploads\/sites\/283\/2023\/06\/Room-type4.jpg","contentUrl":"https:\/\/www.hisaigonairport.com\/wp-content\/uploads\/sites\/283\/2023\/06\/Room-type4.jpg","width":2200,"height":1312,"caption":"presidential suites at Holiday Inn & Suites Saigon Airport \/ Ph\u00f2ng t\u1ed5ng th\u1ed1ng t\u1ea1i Holiday Inn & Suites Saigon Airport"},{"@type":"BreadcrumbList","@id":"https:\/\/www.hisaigonairport.com\/vi\/accommodation\/presidential-suite\/#breadcrumb","itemListElement":[{"@type":"ListItem","position":1,"name":"Home","item":"https:\/\/www.hisaigonairport.com\/vi\/"},{"@type":"ListItem","position":2,"name":"Ph\u00f2ng ngh\u1ec9","item":"https:\/\/www.hisaigonairport.com\/vi\/accommodation\/"},{"@type":"ListItem","position":3,"name":"Ph\u00f2ng T\u1ed5ng Th\u1ed1ng"}]},{"@type":"WebSite","@id":"https:\/\/www.hisaigonairport.com\/vi\/#website","url":"https:\/\/www.hisaigonairport.com\/vi\/","name":"Holiday Inn & Suites Saigon Airport","description":"","publisher":{"@id":"https:\/\/www.hisaigonairport.com\/vi\/#organization"},"alternateName":"Holiday Inn & Suites Saigon Airport by IHG","potentialAction":[{"@type":"SearchAction","target":{"@type":"EntryPoint","urlTemplate":"https:\/\/www.hisaigonairport.com\/vi\/?s={search_term_string}"},"query-input":"required name=search_term_string"}],"inLanguage":"vi-VN"},{"@type":"Organization","@id":"https:\/\/www.hisaigonairport.com\/vi\/#organization","name":"Holiday Inn & Suites Saigon Airport","alternateName":"Holiday Inn & Suites Saigon Airport by IHG","url":"https:\/\/www.hisaigonairport.com\/vi\/","logo":{"@type":"ImageObject","inLanguage":"vi-VN","@id":"https:\/\/www.hisaigonairport.com\/vi\/#\/schema\/logo\/image\/","url":"https:\/\/www.hisaigonairport.com\/wp-content\/uploads\/sites\/283\/2025\/09\/HISA_Vertical-Lockup_Brandmark-by-IHG_RGB.png","contentUrl":"https:\/\/www.hisaigonairport.com\/wp-content\/uploads\/sites\/283\/2025\/09\/HISA_Vertical-Lockup_Brandmark-by-IHG_RGB.png","width":1819,"height":2200,"caption":"Holiday Inn & Suites Saigon Airport"},"image":{"@id":"https:\/\/www.hisaigonairport.com\/vi\/#\/schema\/logo\/image\/"},"sameAs":["https:\/\/www.facebook.com\/holidayinnsaigon\/"]}]}},"_links":{"self":[{"href":"https:\/\/www.hisaigonairport.com\/vi\/wp-json\/wp\/v2\/pages\/258"}],"collection":[{"href":"https:\/\/www.hisaigonairport.com\/vi\/wp-json\/wp\/v2\/pages"}],"about":[{"href":"https:\/\/www.hisaigonairport.com\/vi\/wp-json\/wp\/v2\/types\/page"}],"author":[{"embeddable":true,"href":"https:\/\/www.hisaigonairport.com\/vi\/wp-json\/wp\/v2\/users\/167"}],"replies":[{"embeddable":true,"href":"https:\/\/www.hisaigonairport.com\/vi\/wp-json\/wp\/v2\/comments?post=258"}],"version-history":[{"count":0,"href":"https:\/\/www.hisaigonairport.com\/vi\/wp-json\/wp\/v2\/pages\/258\/revisions"}],"up":[{"embeddable":true,"href":"https:\/\/www.hisaigonairport.com\/vi\/wp-json\/wp\/v2\/pages\/237"}],"wp:featuredmedia":[{"embeddable":true,"href":"https:\/\/www.hisaigonairport.com\/vi\/wp-json\/wp\/v2\/media\/107"}],"wp:attachment":[{"href":"https:\/\/www.hisaigonairport.com\/vi\/wp-json\/wp\/v2\/media?parent=258"}],"curies":[{"name":"wp","href":"https:\/\/api.w.org\/{rel}","templated":true}]}}