{"id":264,"date":"2023-06-06T07:52:05","date_gmt":"2023-06-06T07:52:05","guid":{"rendered":"https:\/\/holiday-inn-saigon-airport.ms.decms.asia\/?page_id=264"},"modified":"2026-04-07T02:05:11","modified_gmt":"2026-04-07T02:05:11","slug":"dining","status":"publish","type":"page","link":"https:\/\/www.hisaigonairport.com\/vi\/dining\/","title":{"rendered":"\u1ea8m th\u1ef1c"},"content":{"rendered":"","protected":false},"excerpt":{"rendered":"","protected":false},"author":167,"featured_media":412,"parent":0,"menu_order":0,"comment_status":"closed","ping_status":"closed","template":"tpl-dining\/tpl-dining.php","meta":{"footnotes":""},"acf":[],"yoast_head":"<!-- This site is optimized with the Yoast SEO plugin v22.3 - https:\/\/yoast.com\/wordpress\/plugins\/seo\/ -->\n<title>\u1ea8m th\u1ef1c | Holiday Inn &amp; Suites Saigon Airport<\/title>\n<meta name=\"description\" content=\"Tr\u1ea3i nghi\u1ec7m h\u00e0nh tr\u00ecnh th\u01b0\u1edfng th\u1ee9c \u1ea9m th\u1ef1c tinh t\u1ebf v\u1edbi \u0111a d\u1ea1ng c\u00e1c m\u00f3n \u0103n \u00c1 \u00c2u c\u00f9ng c\u00e1c lo\u1ea1i th\u1ee9c u\u1ed1ng \u0111\u1eb7c s\u1eafc t\u1ea1i nh\u00e0 h\u00e0ng v\u00e0 Lobby Lounge.\" \/>\n<meta name=\"robots\" content=\"index, follow, max-snippet:-1, max-image-preview:large, max-video-preview:-1\" \/>\n<link rel=\"canonical\" href=\"https:\/\/www.hisaigonairport.com\/vi\/dining\/\" \/>\n<meta property=\"og:locale\" content=\"vi_VN\" \/>\n<meta property=\"og:type\" content=\"article\" \/>\n<meta property=\"og:title\" content=\"\u1ea8m th\u1ef1c | Holiday Inn &amp; Suites Saigon Airport\" \/>\n<meta property=\"og:description\" content=\"Tr\u1ea3i nghi\u1ec7m h\u00e0nh tr\u00ecnh th\u01b0\u1edfng th\u1ee9c \u1ea9m th\u1ef1c tinh t\u1ebf v\u1edbi \u0111a d\u1ea1ng c\u00e1c m\u00f3n \u0103n \u00c1 \u00c2u c\u00f9ng c\u00e1c lo\u1ea1i th\u1ee9c u\u1ed1ng \u0111\u1eb7c s\u1eafc t\u1ea1i nh\u00e0 h\u00e0ng v\u00e0 Lobby Lounge.\" \/>\n<meta property=\"og:url\" content=\"https:\/\/www.hisaigonairport.com\/vi\/dining\/\" \/>\n<meta property=\"og:site_name\" content=\"Holiday Inn Saigon Airport\" \/>\n<meta property=\"article:publisher\" content=\"https:\/\/www.facebook.com\/holidayinnsaigon\/\" \/>\n<meta property=\"article:modified_time\" content=\"2026-04-07T02:05:11+00:00\" \/>\n<meta property=\"og:image\" content=\"https:\/\/www.hisaigonairport.com\/wp-content\/uploads\/sites\/283\/2023\/09\/HI-DELI-fulres-15.jpg\" \/>\n\t<meta property=\"og:image:width\" content=\"2200\" \/>\n\t<meta property=\"og:image:height\" content=\"1361\" \/>\n\t<meta property=\"og:image:type\" content=\"image\/jpeg\" \/>\n<meta name=\"twitter:card\" content=\"summary_large_image\" \/>\n<script type=\"application\/ld+json\" class=\"yoast-schema-graph\">{\"@context\":\"https:\/\/schema.org\",\"@graph\":[{\"@type\":\"WebPage\",\"@id\":\"https:\/\/www.hisaigonairport.com\/vi\/dining\/\",\"url\":\"https:\/\/www.hisaigonairport.com\/vi\/dining\/\",\"name\":\"\u1ea8m th\u1ef1c | Holiday Inn & Suites Saigon Airport\",\"isPartOf\":{\"@id\":\"https:\/\/www.hisaigonairport.com\/vi\/#website\"},\"primaryImageOfPage\":{\"@id\":\"https:\/\/www.hisaigonairport.com\/vi\/dining\/#primaryimage\"},\"image\":{\"@id\":\"https:\/\/www.hisaigonairport.com\/vi\/dining\/#primaryimage\"},\"thumbnailUrl\":\"https:\/\/www.hisaigonairport.com\/wp-content\/uploads\/sites\/283\/2023\/09\/HI-DELI-fulres-15.jpg\",\"datePublished\":\"2023-06-06T07:52:05+00:00\",\"dateModified\":\"2026-04-07T02:05:11+00:00\",\"description\":\"Tr\u1ea3i nghi\u1ec7m h\u00e0nh tr\u00ecnh th\u01b0\u1edfng th\u1ee9c \u1ea9m th\u1ef1c tinh t\u1ebf v\u1edbi \u0111a d\u1ea1ng c\u00e1c m\u00f3n \u0103n \u00c1 \u00c2u c\u00f9ng c\u00e1c lo\u1ea1i th\u1ee9c u\u1ed1ng \u0111\u1eb7c s\u1eafc t\u1ea1i nh\u00e0 h\u00e0ng v\u00e0 Lobby Lounge.\",\"breadcrumb\":{\"@id\":\"https:\/\/www.hisaigonairport.com\/vi\/dining\/#breadcrumb\"},\"inLanguage\":\"vi-VN\",\"potentialAction\":[{\"@type\":\"ReadAction\",\"target\":[\"https:\/\/www.hisaigonairport.com\/vi\/dining\/\"]}]},{\"@type\":\"ImageObject\",\"inLanguage\":\"vi-VN\",\"@id\":\"https:\/\/www.hisaigonairport.com\/vi\/dining\/#primaryimage\",\"url\":\"https:\/\/www.hisaigonairport.com\/wp-content\/uploads\/sites\/283\/2023\/09\/HI-DELI-fulres-15.jpg\",\"contentUrl\":\"https:\/\/www.hisaigonairport.com\/wp-content\/uploads\/sites\/283\/2023\/09\/HI-DELI-fulres-15.jpg\",\"width\":2200,\"height\":1361,\"caption\":\"all-day dining with international flavours, Asian delicacies, and authentic Vietnamese cuisine\"},{\"@type\":\"BreadcrumbList\",\"@id\":\"https:\/\/www.hisaigonairport.com\/vi\/dining\/#breadcrumb\",\"itemListElement\":[{\"@type\":\"ListItem\",\"position\":1,\"name\":\"Home\",\"item\":\"https:\/\/www.hisaigonairport.com\/vi\/\"},{\"@type\":\"ListItem\",\"position\":2,\"name\":\"\u1ea8m th\u1ef1c\"}]},{\"@type\":\"WebSite\",\"@id\":\"https:\/\/www.hisaigonairport.com\/vi\/#website\",\"url\":\"https:\/\/www.hisaigonairport.com\/vi\/\",\"name\":\"Holiday Inn & Suites Saigon Airport\",\"description\":\"\",\"publisher\":{\"@id\":\"https:\/\/www.hisaigonairport.com\/vi\/#organization\"},\"alternateName\":\"Holiday Inn & Suites Saigon Airport by IHG\",\"potentialAction\":[{\"@type\":\"SearchAction\",\"target\":{\"@type\":\"EntryPoint\",\"urlTemplate\":\"https:\/\/www.hisaigonairport.com\/vi\/?s={search_term_string}\"},\"query-input\":\"required name=search_term_string\"}],\"inLanguage\":\"vi-VN\"},{\"@type\":\"Organization\",\"@id\":\"https:\/\/www.hisaigonairport.com\/vi\/#organization\",\"name\":\"Holiday Inn & Suites Saigon Airport\",\"alternateName\":\"Holiday Inn & Suites Saigon Airport by IHG\",\"url\":\"https:\/\/www.hisaigonairport.com\/vi\/\",\"logo\":{\"@type\":\"ImageObject\",\"inLanguage\":\"vi-VN\",\"@id\":\"https:\/\/www.hisaigonairport.com\/vi\/#\/schema\/logo\/image\/\",\"url\":\"https:\/\/www.hisaigonairport.com\/wp-content\/uploads\/sites\/283\/2025\/09\/HISA_Vertical-Lockup_Brandmark-by-IHG_RGB.png\",\"contentUrl\":\"https:\/\/www.hisaigonairport.com\/wp-content\/uploads\/sites\/283\/2025\/09\/HISA_Vertical-Lockup_Brandmark-by-IHG_RGB.png\",\"width\":1819,\"height\":2200,\"caption\":\"Holiday Inn & Suites Saigon Airport\"},\"image\":{\"@id\":\"https:\/\/www.hisaigonairport.com\/vi\/#\/schema\/logo\/image\/\"},\"sameAs\":[\"https:\/\/www.facebook.com\/holidayinnsaigon\/\"]}]}<\/script>\n<!-- \/ Yoast SEO plugin. -->","yoast_head_json":{"title":"\u1ea8m th\u1ef1c | Holiday Inn & Suites Saigon Airport","description":"Tr\u1ea3i nghi\u1ec7m h\u00e0nh tr\u00ecnh th\u01b0\u1edfng th\u1ee9c \u1ea9m th\u1ef1c tinh t\u1ebf v\u1edbi \u0111a d\u1ea1ng c\u00e1c m\u00f3n \u0103n \u00c1 \u00c2u c\u00f9ng c\u00e1c lo\u1ea1i th\u1ee9c u\u1ed1ng \u0111\u1eb7c s\u1eafc t\u1ea1i nh\u00e0 h\u00e0ng v\u00e0 Lobby Lounge.","robots":{"index":"index","follow":"follow","max-snippet":"max-snippet:-1","max-image-preview":"max-image-preview:large","max-video-preview":"max-video-preview:-1"},"canonical":"https:\/\/www.hisaigonairport.com\/vi\/dining\/","og_locale":"vi_VN","og_type":"article","og_title":"\u1ea8m th\u1ef1c | Holiday Inn & Suites Saigon Airport","og_description":"Tr\u1ea3i nghi\u1ec7m h\u00e0nh tr\u00ecnh th\u01b0\u1edfng th\u1ee9c \u1ea9m th\u1ef1c tinh t\u1ebf v\u1edbi \u0111a d\u1ea1ng c\u00e1c m\u00f3n \u0103n \u00c1 \u00c2u c\u00f9ng c\u00e1c lo\u1ea1i th\u1ee9c u\u1ed1ng \u0111\u1eb7c s\u1eafc t\u1ea1i nh\u00e0 h\u00e0ng v\u00e0 Lobby Lounge.","og_url":"https:\/\/www.hisaigonairport.com\/vi\/dining\/","og_site_name":"Holiday Inn Saigon Airport","article_publisher":"https:\/\/www.facebook.com\/holidayinnsaigon\/","article_modified_time":"2026-04-07T02:05:11+00:00","og_image":[{"width":2200,"height":1361,"url":"https:\/\/www.hisaigonairport.com\/wp-content\/uploads\/sites\/283\/2023\/09\/HI-DELI-fulres-15.jpg","type":"image\/jpeg"}],"twitter_card":"summary_large_image","schema":{"@context":"https:\/\/schema.org","@graph":[{"@type":"WebPage","@id":"https:\/\/www.hisaigonairport.com\/vi\/dining\/","url":"https:\/\/www.hisaigonairport.com\/vi\/dining\/","name":"\u1ea8m th\u1ef1c | Holiday Inn & Suites Saigon Airport","isPartOf":{"@id":"https:\/\/www.hisaigonairport.com\/vi\/#website"},"primaryImageOfPage":{"@id":"https:\/\/www.hisaigonairport.com\/vi\/dining\/#primaryimage"},"image":{"@id":"https:\/\/www.hisaigonairport.com\/vi\/dining\/#primaryimage"},"thumbnailUrl":"https:\/\/www.hisaigonairport.com\/wp-content\/uploads\/sites\/283\/2023\/09\/HI-DELI-fulres-15.jpg","datePublished":"2023-06-06T07:52:05+00:00","dateModified":"2026-04-07T02:05:11+00:00","description":"Tr\u1ea3i nghi\u1ec7m h\u00e0nh tr\u00ecnh th\u01b0\u1edfng th\u1ee9c \u1ea9m th\u1ef1c tinh t\u1ebf v\u1edbi \u0111a d\u1ea1ng c\u00e1c m\u00f3n \u0103n \u00c1 \u00c2u c\u00f9ng c\u00e1c lo\u1ea1i th\u1ee9c u\u1ed1ng \u0111\u1eb7c s\u1eafc t\u1ea1i nh\u00e0 h\u00e0ng v\u00e0 Lobby Lounge.","breadcrumb":{"@id":"https:\/\/www.hisaigonairport.com\/vi\/dining\/#breadcrumb"},"inLanguage":"vi-VN","potentialAction":[{"@type":"ReadAction","target":["https:\/\/www.hisaigonairport.com\/vi\/dining\/"]}]},{"@type":"ImageObject","inLanguage":"vi-VN","@id":"https:\/\/www.hisaigonairport.com\/vi\/dining\/#primaryimage","url":"https:\/\/www.hisaigonairport.com\/wp-content\/uploads\/sites\/283\/2023\/09\/HI-DELI-fulres-15.jpg","contentUrl":"https:\/\/www.hisaigonairport.com\/wp-content\/uploads\/sites\/283\/2023\/09\/HI-DELI-fulres-15.jpg","width":2200,"height":1361,"caption":"all-day dining with international flavours, Asian delicacies, and authentic Vietnamese cuisine"},{"@type":"BreadcrumbList","@id":"https:\/\/www.hisaigonairport.com\/vi\/dining\/#breadcrumb","itemListElement":[{"@type":"ListItem","position":1,"name":"Home","item":"https:\/\/www.hisaigonairport.com\/vi\/"},{"@type":"ListItem","position":2,"name":"\u1ea8m th\u1ef1c"}]},{"@type":"WebSite","@id":"https:\/\/www.hisaigonairport.com\/vi\/#website","url":"https:\/\/www.hisaigonairport.com\/vi\/","name":"Holiday Inn & Suites Saigon Airport","description":"","publisher":{"@id":"https:\/\/www.hisaigonairport.com\/vi\/#organization"},"alternateName":"Holiday Inn & Suites Saigon Airport by IHG","potentialAction":[{"@type":"SearchAction","target":{"@type":"EntryPoint","urlTemplate":"https:\/\/www.hisaigonairport.com\/vi\/?s={search_term_string}"},"query-input":"required name=search_term_string"}],"inLanguage":"vi-VN"},{"@type":"Organization","@id":"https:\/\/www.hisaigonairport.com\/vi\/#organization","name":"Holiday Inn & Suites Saigon Airport","alternateName":"Holiday Inn & Suites Saigon Airport by IHG","url":"https:\/\/www.hisaigonairport.com\/vi\/","logo":{"@type":"ImageObject","inLanguage":"vi-VN","@id":"https:\/\/www.hisaigonairport.com\/vi\/#\/schema\/logo\/image\/","url":"https:\/\/www.hisaigonairport.com\/wp-content\/uploads\/sites\/283\/2025\/09\/HISA_Vertical-Lockup_Brandmark-by-IHG_RGB.png","contentUrl":"https:\/\/www.hisaigonairport.com\/wp-content\/uploads\/sites\/283\/2025\/09\/HISA_Vertical-Lockup_Brandmark-by-IHG_RGB.png","width":1819,"height":2200,"caption":"Holiday Inn & Suites Saigon Airport"},"image":{"@id":"https:\/\/www.hisaigonairport.com\/vi\/#\/schema\/logo\/image\/"},"sameAs":["https:\/\/www.facebook.com\/holidayinnsaigon\/"]}]}},"_links":{"self":[{"href":"https:\/\/www.hisaigonairport.com\/vi\/wp-json\/wp\/v2\/pages\/264"}],"collection":[{"href":"https:\/\/www.hisaigonairport.com\/vi\/wp-json\/wp\/v2\/pages"}],"about":[{"href":"https:\/\/www.hisaigonairport.com\/vi\/wp-json\/wp\/v2\/types\/page"}],"author":[{"embeddable":true,"href":"https:\/\/www.hisaigonairport.com\/vi\/wp-json\/wp\/v2\/users\/167"}],"replies":[{"embeddable":true,"href":"https:\/\/www.hisaigonairport.com\/vi\/wp-json\/wp\/v2\/comments?post=264"}],"version-history":[{"count":1,"href":"https:\/\/www.hisaigonairport.com\/vi\/wp-json\/wp\/v2\/pages\/264\/revisions"}],"predecessor-version":[{"id":2068,"href":"https:\/\/www.hisaigonairport.com\/vi\/wp-json\/wp\/v2\/pages\/264\/revisions\/2068"}],"wp:featuredmedia":[{"embeddable":true,"href":"https:\/\/www.hisaigonairport.com\/vi\/wp-json\/wp\/v2\/media\/412"}],"wp:attachment":[{"href":"https:\/\/www.hisaigonairport.com\/vi\/wp-json\/wp\/v2\/media?parent=264"}],"curies":[{"name":"wp","href":"https:\/\/api.w.org\/{rel}","templated":true}]}}