{"id":294,"date":"2023-06-06T08:23:55","date_gmt":"2023-06-06T08:23:55","guid":{"rendered":"https:\/\/holiday-inn-saigon-airport.ms.decms.asia\/?page_id=294"},"modified":"2026-05-13T09:10:29","modified_gmt":"2026-05-13T09:10:29","slug":"offers","status":"publish","type":"page","link":"https:\/\/www.hisaigonairport.com\/vi\/offers\/","title":{"rendered":"\u01afu \u0111\u00e3i"},"content":{"rendered":"","protected":false},"excerpt":{"rendered":"","protected":false},"author":167,"featured_media":412,"parent":0,"menu_order":0,"comment_status":"closed","ping_status":"closed","template":"tpl-offers\/tpl-offers.php","meta":{"footnotes":""},"acf":[],"yoast_head":"<!-- This site is optimized with the Yoast SEO plugin v22.3 - https:\/\/yoast.com\/wordpress\/plugins\/seo\/ -->\n<title>\u01afu \u0111\u00e3i | Holiday Inn &amp; Suites Saigon Airport<\/title>\n<meta name=\"description\" content=\"Kh\u00e1m ph\u00e1 \u01b0u \u0111\u00e3i h\u1ea5p d\u1eabn v\u00e0 t\u1eadn h\u01b0\u1edfng quy\u1ec1n l\u1ee3i \u0111\u1eb7c quy\u1ec1n c\u1ee7a IHG One Rewards - tr\u1ea3i nghi\u1ec7m ngh\u1ec9 d\u01b0\u1ee1ng v\u00e0 th\u01b0\u1edfng th\u1ee9c \u1ea9m th\u1ef1c \u0111ang ch\u1edd \u0111\u00f3n!\" \/>\n<meta name=\"robots\" content=\"index, follow, max-snippet:-1, max-image-preview:large, max-video-preview:-1\" \/>\n<link rel=\"canonical\" href=\"https:\/\/www.hisaigonairport.com\/vi\/offers\/\" \/>\n<meta property=\"og:locale\" content=\"vi_VN\" \/>\n<meta property=\"og:type\" content=\"article\" \/>\n<meta property=\"og:title\" content=\"\u01afu \u0111\u00e3i | Holiday Inn &amp; Suites Saigon Airport\" \/>\n<meta property=\"og:description\" content=\"Kh\u00e1m ph\u00e1 \u01b0u \u0111\u00e3i h\u1ea5p d\u1eabn v\u00e0 t\u1eadn h\u01b0\u1edfng quy\u1ec1n l\u1ee3i \u0111\u1eb7c quy\u1ec1n c\u1ee7a IHG One Rewards - tr\u1ea3i nghi\u1ec7m ngh\u1ec9 d\u01b0\u1ee1ng v\u00e0 th\u01b0\u1edfng th\u1ee9c \u1ea9m th\u1ef1c \u0111ang ch\u1edd \u0111\u00f3n!\" \/>\n<meta property=\"og:url\" content=\"https:\/\/www.hisaigonairport.com\/vi\/offers\/\" \/>\n<meta property=\"og:site_name\" content=\"Holiday Inn Saigon Airport\" \/>\n<meta property=\"article:publisher\" content=\"https:\/\/www.facebook.com\/holidayinnsaigon\/\" \/>\n<meta property=\"article:modified_time\" content=\"2026-05-13T09:10:29+00:00\" \/>\n<meta property=\"og:image\" content=\"https:\/\/www.hisaigonairport.com\/wp-content\/uploads\/sites\/283\/2023\/09\/HI-DELI-fulres-15.jpg\" \/>\n\t<meta property=\"og:image:width\" content=\"2200\" \/>\n\t<meta property=\"og:image:height\" content=\"1361\" \/>\n\t<meta property=\"og:image:type\" content=\"image\/jpeg\" \/>\n<meta name=\"twitter:card\" content=\"summary_large_image\" \/>\n<script type=\"application\/ld+json\" class=\"yoast-schema-graph\">{\"@context\":\"https:\/\/schema.org\",\"@graph\":[{\"@type\":\"WebPage\",\"@id\":\"https:\/\/www.hisaigonairport.com\/vi\/offers\/\",\"url\":\"https:\/\/www.hisaigonairport.com\/vi\/offers\/\",\"name\":\"\u01afu \u0111\u00e3i | Holiday Inn & Suites Saigon Airport\",\"isPartOf\":{\"@id\":\"https:\/\/www.hisaigonairport.com\/vi\/#website\"},\"primaryImageOfPage\":{\"@id\":\"https:\/\/www.hisaigonairport.com\/vi\/offers\/#primaryimage\"},\"image\":{\"@id\":\"https:\/\/www.hisaigonairport.com\/vi\/offers\/#primaryimage\"},\"thumbnailUrl\":\"https:\/\/www.hisaigonairport.com\/wp-content\/uploads\/sites\/283\/2023\/09\/HI-DELI-fulres-15.jpg\",\"datePublished\":\"2023-06-06T08:23:55+00:00\",\"dateModified\":\"2026-05-13T09:10:29+00:00\",\"description\":\"Kh\u00e1m ph\u00e1 \u01b0u \u0111\u00e3i h\u1ea5p d\u1eabn v\u00e0 t\u1eadn h\u01b0\u1edfng quy\u1ec1n l\u1ee3i \u0111\u1eb7c quy\u1ec1n c\u1ee7a IHG One Rewards - tr\u1ea3i nghi\u1ec7m ngh\u1ec9 d\u01b0\u1ee1ng v\u00e0 th\u01b0\u1edfng th\u1ee9c \u1ea9m th\u1ef1c \u0111ang ch\u1edd \u0111\u00f3n!\",\"breadcrumb\":{\"@id\":\"https:\/\/www.hisaigonairport.com\/vi\/offers\/#breadcrumb\"},\"inLanguage\":\"vi-VN\",\"potentialAction\":[{\"@type\":\"ReadAction\",\"target\":[\"https:\/\/www.hisaigonairport.com\/vi\/offers\/\"]}]},{\"@type\":\"ImageObject\",\"inLanguage\":\"vi-VN\",\"@id\":\"https:\/\/www.hisaigonairport.com\/vi\/offers\/#primaryimage\",\"url\":\"https:\/\/www.hisaigonairport.com\/wp-content\/uploads\/sites\/283\/2023\/09\/HI-DELI-fulres-15.jpg\",\"contentUrl\":\"https:\/\/www.hisaigonairport.com\/wp-content\/uploads\/sites\/283\/2023\/09\/HI-DELI-fulres-15.jpg\",\"width\":2200,\"height\":1361,\"caption\":\"all-day dining with international flavours, Asian delicacies, and authentic Vietnamese cuisine\"},{\"@type\":\"BreadcrumbList\",\"@id\":\"https:\/\/www.hisaigonairport.com\/vi\/offers\/#breadcrumb\",\"itemListElement\":[{\"@type\":\"ListItem\",\"position\":1,\"name\":\"Home\",\"item\":\"https:\/\/www.hisaigonairport.com\/vi\/\"},{\"@type\":\"ListItem\",\"position\":2,\"name\":\"\u01afu \u0111\u00e3i\"}]},{\"@type\":\"WebSite\",\"@id\":\"https:\/\/www.hisaigonairport.com\/vi\/#website\",\"url\":\"https:\/\/www.hisaigonairport.com\/vi\/\",\"name\":\"Holiday Inn & Suites Saigon Airport\",\"description\":\"\",\"publisher\":{\"@id\":\"https:\/\/www.hisaigonairport.com\/vi\/#organization\"},\"alternateName\":\"Holiday Inn & Suites Saigon Airport by IHG\",\"potentialAction\":[{\"@type\":\"SearchAction\",\"target\":{\"@type\":\"EntryPoint\",\"urlTemplate\":\"https:\/\/www.hisaigonairport.com\/vi\/?s={search_term_string}\"},\"query-input\":\"required name=search_term_string\"}],\"inLanguage\":\"vi-VN\"},{\"@type\":\"Organization\",\"@id\":\"https:\/\/www.hisaigonairport.com\/vi\/#organization\",\"name\":\"Holiday Inn & Suites Saigon Airport\",\"alternateName\":\"Holiday Inn & Suites Saigon Airport by IHG\",\"url\":\"https:\/\/www.hisaigonairport.com\/vi\/\",\"logo\":{\"@type\":\"ImageObject\",\"inLanguage\":\"vi-VN\",\"@id\":\"https:\/\/www.hisaigonairport.com\/vi\/#\/schema\/logo\/image\/\",\"url\":\"https:\/\/www.hisaigonairport.com\/wp-content\/uploads\/sites\/283\/2025\/09\/HISA_Vertical-Lockup_Brandmark-by-IHG_RGB.png\",\"contentUrl\":\"https:\/\/www.hisaigonairport.com\/wp-content\/uploads\/sites\/283\/2025\/09\/HISA_Vertical-Lockup_Brandmark-by-IHG_RGB.png\",\"width\":1819,\"height\":2200,\"caption\":\"Holiday Inn & Suites Saigon Airport\"},\"image\":{\"@id\":\"https:\/\/www.hisaigonairport.com\/vi\/#\/schema\/logo\/image\/\"},\"sameAs\":[\"https:\/\/www.facebook.com\/holidayinnsaigon\/\"]}]}<\/script>\n<!-- \/ Yoast SEO plugin. -->","yoast_head_json":{"title":"\u01afu \u0111\u00e3i | Holiday Inn & Suites Saigon Airport","description":"Kh\u00e1m ph\u00e1 \u01b0u \u0111\u00e3i h\u1ea5p d\u1eabn v\u00e0 t\u1eadn h\u01b0\u1edfng quy\u1ec1n l\u1ee3i \u0111\u1eb7c quy\u1ec1n c\u1ee7a IHG One Rewards - tr\u1ea3i nghi\u1ec7m ngh\u1ec9 d\u01b0\u1ee1ng v\u00e0 th\u01b0\u1edfng th\u1ee9c \u1ea9m th\u1ef1c \u0111ang ch\u1edd \u0111\u00f3n!","robots":{"index":"index","follow":"follow","max-snippet":"max-snippet:-1","max-image-preview":"max-image-preview:large","max-video-preview":"max-video-preview:-1"},"canonical":"https:\/\/www.hisaigonairport.com\/vi\/offers\/","og_locale":"vi_VN","og_type":"article","og_title":"\u01afu \u0111\u00e3i | Holiday Inn & Suites Saigon Airport","og_description":"Kh\u00e1m ph\u00e1 \u01b0u \u0111\u00e3i h\u1ea5p d\u1eabn v\u00e0 t\u1eadn h\u01b0\u1edfng quy\u1ec1n l\u1ee3i \u0111\u1eb7c quy\u1ec1n c\u1ee7a IHG One Rewards - tr\u1ea3i nghi\u1ec7m ngh\u1ec9 d\u01b0\u1ee1ng v\u00e0 th\u01b0\u1edfng th\u1ee9c \u1ea9m th\u1ef1c \u0111ang ch\u1edd \u0111\u00f3n!","og_url":"https:\/\/www.hisaigonairport.com\/vi\/offers\/","og_site_name":"Holiday Inn Saigon Airport","article_publisher":"https:\/\/www.facebook.com\/holidayinnsaigon\/","article_modified_time":"2026-05-13T09:10:29+00:00","og_image":[{"width":2200,"height":1361,"url":"https:\/\/www.hisaigonairport.com\/wp-content\/uploads\/sites\/283\/2023\/09\/HI-DELI-fulres-15.jpg","type":"image\/jpeg"}],"twitter_card":"summary_large_image","schema":{"@context":"https:\/\/schema.org","@graph":[{"@type":"WebPage","@id":"https:\/\/www.hisaigonairport.com\/vi\/offers\/","url":"https:\/\/www.hisaigonairport.com\/vi\/offers\/","name":"\u01afu \u0111\u00e3i | Holiday Inn & Suites Saigon Airport","isPartOf":{"@id":"https:\/\/www.hisaigonairport.com\/vi\/#website"},"primaryImageOfPage":{"@id":"https:\/\/www.hisaigonairport.com\/vi\/offers\/#primaryimage"},"image":{"@id":"https:\/\/www.hisaigonairport.com\/vi\/offers\/#primaryimage"},"thumbnailUrl":"https:\/\/www.hisaigonairport.com\/wp-content\/uploads\/sites\/283\/2023\/09\/HI-DELI-fulres-15.jpg","datePublished":"2023-06-06T08:23:55+00:00","dateModified":"2026-05-13T09:10:29+00:00","description":"Kh\u00e1m ph\u00e1 \u01b0u \u0111\u00e3i h\u1ea5p d\u1eabn v\u00e0 t\u1eadn h\u01b0\u1edfng quy\u1ec1n l\u1ee3i \u0111\u1eb7c quy\u1ec1n c\u1ee7a IHG One Rewards - tr\u1ea3i nghi\u1ec7m ngh\u1ec9 d\u01b0\u1ee1ng v\u00e0 th\u01b0\u1edfng th\u1ee9c \u1ea9m th\u1ef1c \u0111ang ch\u1edd \u0111\u00f3n!","breadcrumb":{"@id":"https:\/\/www.hisaigonairport.com\/vi\/offers\/#breadcrumb"},"inLanguage":"vi-VN","potentialAction":[{"@type":"ReadAction","target":["https:\/\/www.hisaigonairport.com\/vi\/offers\/"]}]},{"@type":"ImageObject","inLanguage":"vi-VN","@id":"https:\/\/www.hisaigonairport.com\/vi\/offers\/#primaryimage","url":"https:\/\/www.hisaigonairport.com\/wp-content\/uploads\/sites\/283\/2023\/09\/HI-DELI-fulres-15.jpg","contentUrl":"https:\/\/www.hisaigonairport.com\/wp-content\/uploads\/sites\/283\/2023\/09\/HI-DELI-fulres-15.jpg","width":2200,"height":1361,"caption":"all-day dining with international flavours, Asian delicacies, and authentic Vietnamese cuisine"},{"@type":"BreadcrumbList","@id":"https:\/\/www.hisaigonairport.com\/vi\/offers\/#breadcrumb","itemListElement":[{"@type":"ListItem","position":1,"name":"Home","item":"https:\/\/www.hisaigonairport.com\/vi\/"},{"@type":"ListItem","position":2,"name":"\u01afu \u0111\u00e3i"}]},{"@type":"WebSite","@id":"https:\/\/www.hisaigonairport.com\/vi\/#website","url":"https:\/\/www.hisaigonairport.com\/vi\/","name":"Holiday Inn & Suites Saigon Airport","description":"","publisher":{"@id":"https:\/\/www.hisaigonairport.com\/vi\/#organization"},"alternateName":"Holiday Inn & Suites Saigon Airport by IHG","potentialAction":[{"@type":"SearchAction","target":{"@type":"EntryPoint","urlTemplate":"https:\/\/www.hisaigonairport.com\/vi\/?s={search_term_string}"},"query-input":"required name=search_term_string"}],"inLanguage":"vi-VN"},{"@type":"Organization","@id":"https:\/\/www.hisaigonairport.com\/vi\/#organization","name":"Holiday Inn & Suites Saigon Airport","alternateName":"Holiday Inn & Suites Saigon Airport by IHG","url":"https:\/\/www.hisaigonairport.com\/vi\/","logo":{"@type":"ImageObject","inLanguage":"vi-VN","@id":"https:\/\/www.hisaigonairport.com\/vi\/#\/schema\/logo\/image\/","url":"https:\/\/www.hisaigonairport.com\/wp-content\/uploads\/sites\/283\/2025\/09\/HISA_Vertical-Lockup_Brandmark-by-IHG_RGB.png","contentUrl":"https:\/\/www.hisaigonairport.com\/wp-content\/uploads\/sites\/283\/2025\/09\/HISA_Vertical-Lockup_Brandmark-by-IHG_RGB.png","width":1819,"height":2200,"caption":"Holiday Inn & Suites Saigon Airport"},"image":{"@id":"https:\/\/www.hisaigonairport.com\/vi\/#\/schema\/logo\/image\/"},"sameAs":["https:\/\/www.facebook.com\/holidayinnsaigon\/"]}]}},"_links":{"self":[{"href":"https:\/\/www.hisaigonairport.com\/vi\/wp-json\/wp\/v2\/pages\/294"}],"collection":[{"href":"https:\/\/www.hisaigonairport.com\/vi\/wp-json\/wp\/v2\/pages"}],"about":[{"href":"https:\/\/www.hisaigonairport.com\/vi\/wp-json\/wp\/v2\/types\/page"}],"author":[{"embeddable":true,"href":"https:\/\/www.hisaigonairport.com\/vi\/wp-json\/wp\/v2\/users\/167"}],"replies":[{"embeddable":true,"href":"https:\/\/www.hisaigonairport.com\/vi\/wp-json\/wp\/v2\/comments?post=294"}],"version-history":[{"count":2,"href":"https:\/\/www.hisaigonairport.com\/vi\/wp-json\/wp\/v2\/pages\/294\/revisions"}],"predecessor-version":[{"id":2080,"href":"https:\/\/www.hisaigonairport.com\/vi\/wp-json\/wp\/v2\/pages\/294\/revisions\/2080"}],"wp:featuredmedia":[{"embeddable":true,"href":"https:\/\/www.hisaigonairport.com\/vi\/wp-json\/wp\/v2\/media\/412"}],"wp:attachment":[{"href":"https:\/\/www.hisaigonairport.com\/vi\/wp-json\/wp\/v2\/media?parent=294"}],"curies":[{"name":"wp","href":"https:\/\/api.w.org\/{rel}","templated":true}]}}