{"id":302,"date":"2023-06-06T08:49:12","date_gmt":"2023-06-06T08:49:12","guid":{"rendered":"https:\/\/holiday-inn-saigon-airport.ms.decms.asia\/?page_id=302"},"modified":"2024-04-25T05:12:50","modified_gmt":"2024-04-25T05:12:50","slug":"gallery","status":"publish","type":"page","link":"https:\/\/www.hisaigonairport.com\/vi\/gallery\/","title":{"rendered":"Th\u01b0 vi\u1ec7n \u1ea3nh"},"content":{"rendered":"","protected":false},"excerpt":{"rendered":"","protected":false},"author":167,"featured_media":826,"parent":0,"menu_order":0,"comment_status":"closed","ping_status":"closed","template":"tpl-gallery\/tpl-gallery.php","meta":{"footnotes":""},"acf":[],"yoast_head":"<!-- This site is optimized with the Yoast SEO plugin v22.3 - https:\/\/yoast.com\/wordpress\/plugins\/seo\/ -->\n<title>Th\u01b0 vi\u1ec7n \u1ea3nh | Holiday Inn &amp; Suites Saigon Airport<\/title>\n<meta name=\"description\" content=\"Tr\u1ea3i nghi\u1ec7m th\u01b0 vi\u1ec7n h\u00ecnh \u1ea3nh s\u1ed1ng \u0111\u1ed9ng v\u00e0 kh\u00e1m ph\u00e1 nh\u1eefng c\u1ea3nh quan \u0111ang ch\u1edd \u0111\u1ee3i b\u1ea1n t\u1ea1i kh\u00e1ch s\u1ea1n Holiday Inn &amp; Suites Saigon Airport.\" \/>\n<meta name=\"robots\" content=\"index, follow, max-snippet:-1, max-image-preview:large, max-video-preview:-1\" \/>\n<link rel=\"canonical\" href=\"https:\/\/www.hisaigonairport.com\/vi\/gallery\/\" \/>\n<meta property=\"og:locale\" content=\"vi_VN\" \/>\n<meta property=\"og:type\" content=\"article\" \/>\n<meta property=\"og:title\" content=\"Th\u01b0 vi\u1ec7n \u1ea3nh | Holiday Inn &amp; Suites Saigon Airport\" \/>\n<meta property=\"og:description\" content=\"Tr\u1ea3i nghi\u1ec7m th\u01b0 vi\u1ec7n h\u00ecnh \u1ea3nh s\u1ed1ng \u0111\u1ed9ng v\u00e0 kh\u00e1m ph\u00e1 nh\u1eefng c\u1ea3nh quan \u0111ang ch\u1edd \u0111\u1ee3i b\u1ea1n t\u1ea1i kh\u00e1ch s\u1ea1n Holiday Inn &amp; Suites Saigon Airport.\" \/>\n<meta property=\"og:url\" content=\"https:\/\/www.hisaigonairport.com\/vi\/gallery\/\" \/>\n<meta property=\"og:site_name\" content=\"Holiday Inn Saigon Airport\" \/>\n<meta property=\"article:publisher\" content=\"https:\/\/www.facebook.com\/holidayinnsaigon\/\" \/>\n<meta property=\"article:modified_time\" content=\"2024-04-25T05:12:50+00:00\" \/>\n<meta property=\"og:image\" content=\"https:\/\/www.hisaigonairport.com\/wp-content\/uploads\/sites\/283\/2024\/03\/DJI_0171-edited.jpg\" \/>\n\t<meta property=\"og:image:width\" content=\"1920\" \/>\n\t<meta property=\"og:image:height\" content=\"1080\" \/>\n\t<meta property=\"og:image:type\" content=\"image\/jpeg\" \/>\n<meta name=\"twitter:card\" content=\"summary_large_image\" \/>\n<script type=\"application\/ld+json\" class=\"yoast-schema-graph\">{\"@context\":\"https:\/\/schema.org\",\"@graph\":[{\"@type\":\"WebPage\",\"@id\":\"https:\/\/www.hisaigonairport.com\/vi\/gallery\/\",\"url\":\"https:\/\/www.hisaigonairport.com\/vi\/gallery\/\",\"name\":\"Th\u01b0 vi\u1ec7n \u1ea3nh | Holiday Inn & Suites Saigon Airport\",\"isPartOf\":{\"@id\":\"https:\/\/www.hisaigonairport.com\/vi\/#website\"},\"primaryImageOfPage\":{\"@id\":\"https:\/\/www.hisaigonairport.com\/vi\/gallery\/#primaryimage\"},\"image\":{\"@id\":\"https:\/\/www.hisaigonairport.com\/vi\/gallery\/#primaryimage\"},\"thumbnailUrl\":\"https:\/\/www.hisaigonairport.com\/wp-content\/uploads\/sites\/283\/2024\/03\/DJI_0171-edited.jpg\",\"datePublished\":\"2023-06-06T08:49:12+00:00\",\"dateModified\":\"2024-04-25T05:12:50+00:00\",\"description\":\"Tr\u1ea3i nghi\u1ec7m th\u01b0 vi\u1ec7n h\u00ecnh \u1ea3nh s\u1ed1ng \u0111\u1ed9ng v\u00e0 kh\u00e1m ph\u00e1 nh\u1eefng c\u1ea3nh quan \u0111ang ch\u1edd \u0111\u1ee3i b\u1ea1n t\u1ea1i kh\u00e1ch s\u1ea1n Holiday Inn & Suites Saigon Airport.\",\"breadcrumb\":{\"@id\":\"https:\/\/www.hisaigonairport.com\/vi\/gallery\/#breadcrumb\"},\"inLanguage\":\"vi-VN\",\"potentialAction\":[{\"@type\":\"ReadAction\",\"target\":[\"https:\/\/www.hisaigonairport.com\/vi\/gallery\/\"]}]},{\"@type\":\"ImageObject\",\"inLanguage\":\"vi-VN\",\"@id\":\"https:\/\/www.hisaigonairport.com\/vi\/gallery\/#primaryimage\",\"url\":\"https:\/\/www.hisaigonairport.com\/wp-content\/uploads\/sites\/283\/2024\/03\/DJI_0171-edited.jpg\",\"contentUrl\":\"https:\/\/www.hisaigonairport.com\/wp-content\/uploads\/sites\/283\/2024\/03\/DJI_0171-edited.jpg\",\"width\":1920,\"height\":1080,\"caption\":\"Gallery- Outdoor Olympic-sized Pool \/ th\u01b0 vi\u1ec7n \u1ea3nh - h\u1ed3 b\u01a1i ngo\u00e0i tr\u1eddi\"},{\"@type\":\"BreadcrumbList\",\"@id\":\"https:\/\/www.hisaigonairport.com\/vi\/gallery\/#breadcrumb\",\"itemListElement\":[{\"@type\":\"ListItem\",\"position\":1,\"name\":\"Home\",\"item\":\"https:\/\/www.hisaigonairport.com\/vi\/\"},{\"@type\":\"ListItem\",\"position\":2,\"name\":\"Th\u01b0 vi\u1ec7n \u1ea3nh\"}]},{\"@type\":\"WebSite\",\"@id\":\"https:\/\/www.hisaigonairport.com\/vi\/#website\",\"url\":\"https:\/\/www.hisaigonairport.com\/vi\/\",\"name\":\"Holiday Inn & Suites Saigon Airport\",\"description\":\"\",\"publisher\":{\"@id\":\"https:\/\/www.hisaigonairport.com\/vi\/#organization\"},\"alternateName\":\"Holiday Inn & Suites Saigon Airport by IHG\",\"potentialAction\":[{\"@type\":\"SearchAction\",\"target\":{\"@type\":\"EntryPoint\",\"urlTemplate\":\"https:\/\/www.hisaigonairport.com\/vi\/?s={search_term_string}\"},\"query-input\":\"required name=search_term_string\"}],\"inLanguage\":\"vi-VN\"},{\"@type\":\"Organization\",\"@id\":\"https:\/\/www.hisaigonairport.com\/vi\/#organization\",\"name\":\"Holiday Inn & Suites Saigon Airport\",\"alternateName\":\"Holiday Inn & Suites Saigon Airport by IHG\",\"url\":\"https:\/\/www.hisaigonairport.com\/vi\/\",\"logo\":{\"@type\":\"ImageObject\",\"inLanguage\":\"vi-VN\",\"@id\":\"https:\/\/www.hisaigonairport.com\/vi\/#\/schema\/logo\/image\/\",\"url\":\"https:\/\/www.hisaigonairport.com\/wp-content\/uploads\/sites\/283\/2025\/09\/HISA_Vertical-Lockup_Brandmark-by-IHG_RGB.png\",\"contentUrl\":\"https:\/\/www.hisaigonairport.com\/wp-content\/uploads\/sites\/283\/2025\/09\/HISA_Vertical-Lockup_Brandmark-by-IHG_RGB.png\",\"width\":1819,\"height\":2200,\"caption\":\"Holiday Inn & Suites Saigon Airport\"},\"image\":{\"@id\":\"https:\/\/www.hisaigonairport.com\/vi\/#\/schema\/logo\/image\/\"},\"sameAs\":[\"https:\/\/www.facebook.com\/holidayinnsaigon\/\"]}]}<\/script>\n<!-- \/ Yoast SEO plugin. -->","yoast_head_json":{"title":"Th\u01b0 vi\u1ec7n \u1ea3nh | Holiday Inn & Suites Saigon Airport","description":"Tr\u1ea3i nghi\u1ec7m th\u01b0 vi\u1ec7n h\u00ecnh \u1ea3nh s\u1ed1ng \u0111\u1ed9ng v\u00e0 kh\u00e1m ph\u00e1 nh\u1eefng c\u1ea3nh quan \u0111ang ch\u1edd \u0111\u1ee3i b\u1ea1n t\u1ea1i kh\u00e1ch s\u1ea1n Holiday Inn & Suites Saigon Airport.","robots":{"index":"index","follow":"follow","max-snippet":"max-snippet:-1","max-image-preview":"max-image-preview:large","max-video-preview":"max-video-preview:-1"},"canonical":"https:\/\/www.hisaigonairport.com\/vi\/gallery\/","og_locale":"vi_VN","og_type":"article","og_title":"Th\u01b0 vi\u1ec7n \u1ea3nh | Holiday Inn & Suites Saigon Airport","og_description":"Tr\u1ea3i nghi\u1ec7m th\u01b0 vi\u1ec7n h\u00ecnh \u1ea3nh s\u1ed1ng \u0111\u1ed9ng v\u00e0 kh\u00e1m ph\u00e1 nh\u1eefng c\u1ea3nh quan \u0111ang ch\u1edd \u0111\u1ee3i b\u1ea1n t\u1ea1i kh\u00e1ch s\u1ea1n Holiday Inn & Suites Saigon Airport.","og_url":"https:\/\/www.hisaigonairport.com\/vi\/gallery\/","og_site_name":"Holiday Inn Saigon Airport","article_publisher":"https:\/\/www.facebook.com\/holidayinnsaigon\/","article_modified_time":"2024-04-25T05:12:50+00:00","og_image":[{"width":1920,"height":1080,"url":"https:\/\/www.hisaigonairport.com\/wp-content\/uploads\/sites\/283\/2024\/03\/DJI_0171-edited.jpg","type":"image\/jpeg"}],"twitter_card":"summary_large_image","schema":{"@context":"https:\/\/schema.org","@graph":[{"@type":"WebPage","@id":"https:\/\/www.hisaigonairport.com\/vi\/gallery\/","url":"https:\/\/www.hisaigonairport.com\/vi\/gallery\/","name":"Th\u01b0 vi\u1ec7n \u1ea3nh | Holiday Inn & Suites Saigon Airport","isPartOf":{"@id":"https:\/\/www.hisaigonairport.com\/vi\/#website"},"primaryImageOfPage":{"@id":"https:\/\/www.hisaigonairport.com\/vi\/gallery\/#primaryimage"},"image":{"@id":"https:\/\/www.hisaigonairport.com\/vi\/gallery\/#primaryimage"},"thumbnailUrl":"https:\/\/www.hisaigonairport.com\/wp-content\/uploads\/sites\/283\/2024\/03\/DJI_0171-edited.jpg","datePublished":"2023-06-06T08:49:12+00:00","dateModified":"2024-04-25T05:12:50+00:00","description":"Tr\u1ea3i nghi\u1ec7m th\u01b0 vi\u1ec7n h\u00ecnh \u1ea3nh s\u1ed1ng \u0111\u1ed9ng v\u00e0 kh\u00e1m ph\u00e1 nh\u1eefng c\u1ea3nh quan \u0111ang ch\u1edd \u0111\u1ee3i b\u1ea1n t\u1ea1i kh\u00e1ch s\u1ea1n Holiday Inn & Suites Saigon Airport.","breadcrumb":{"@id":"https:\/\/www.hisaigonairport.com\/vi\/gallery\/#breadcrumb"},"inLanguage":"vi-VN","potentialAction":[{"@type":"ReadAction","target":["https:\/\/www.hisaigonairport.com\/vi\/gallery\/"]}]},{"@type":"ImageObject","inLanguage":"vi-VN","@id":"https:\/\/www.hisaigonairport.com\/vi\/gallery\/#primaryimage","url":"https:\/\/www.hisaigonairport.com\/wp-content\/uploads\/sites\/283\/2024\/03\/DJI_0171-edited.jpg","contentUrl":"https:\/\/www.hisaigonairport.com\/wp-content\/uploads\/sites\/283\/2024\/03\/DJI_0171-edited.jpg","width":1920,"height":1080,"caption":"Gallery- Outdoor Olympic-sized Pool \/ th\u01b0 vi\u1ec7n \u1ea3nh - h\u1ed3 b\u01a1i ngo\u00e0i tr\u1eddi"},{"@type":"BreadcrumbList","@id":"https:\/\/www.hisaigonairport.com\/vi\/gallery\/#breadcrumb","itemListElement":[{"@type":"ListItem","position":1,"name":"Home","item":"https:\/\/www.hisaigonairport.com\/vi\/"},{"@type":"ListItem","position":2,"name":"Th\u01b0 vi\u1ec7n \u1ea3nh"}]},{"@type":"WebSite","@id":"https:\/\/www.hisaigonairport.com\/vi\/#website","url":"https:\/\/www.hisaigonairport.com\/vi\/","name":"Holiday Inn & Suites Saigon Airport","description":"","publisher":{"@id":"https:\/\/www.hisaigonairport.com\/vi\/#organization"},"alternateName":"Holiday Inn & Suites Saigon Airport by IHG","potentialAction":[{"@type":"SearchAction","target":{"@type":"EntryPoint","urlTemplate":"https:\/\/www.hisaigonairport.com\/vi\/?s={search_term_string}"},"query-input":"required name=search_term_string"}],"inLanguage":"vi-VN"},{"@type":"Organization","@id":"https:\/\/www.hisaigonairport.com\/vi\/#organization","name":"Holiday Inn & Suites Saigon Airport","alternateName":"Holiday Inn & Suites Saigon Airport by IHG","url":"https:\/\/www.hisaigonairport.com\/vi\/","logo":{"@type":"ImageObject","inLanguage":"vi-VN","@id":"https:\/\/www.hisaigonairport.com\/vi\/#\/schema\/logo\/image\/","url":"https:\/\/www.hisaigonairport.com\/wp-content\/uploads\/sites\/283\/2025\/09\/HISA_Vertical-Lockup_Brandmark-by-IHG_RGB.png","contentUrl":"https:\/\/www.hisaigonairport.com\/wp-content\/uploads\/sites\/283\/2025\/09\/HISA_Vertical-Lockup_Brandmark-by-IHG_RGB.png","width":1819,"height":2200,"caption":"Holiday Inn & Suites Saigon Airport"},"image":{"@id":"https:\/\/www.hisaigonairport.com\/vi\/#\/schema\/logo\/image\/"},"sameAs":["https:\/\/www.facebook.com\/holidayinnsaigon\/"]}]}},"_links":{"self":[{"href":"https:\/\/www.hisaigonairport.com\/vi\/wp-json\/wp\/v2\/pages\/302"}],"collection":[{"href":"https:\/\/www.hisaigonairport.com\/vi\/wp-json\/wp\/v2\/pages"}],"about":[{"href":"https:\/\/www.hisaigonairport.com\/vi\/wp-json\/wp\/v2\/types\/page"}],"author":[{"embeddable":true,"href":"https:\/\/www.hisaigonairport.com\/vi\/wp-json\/wp\/v2\/users\/167"}],"replies":[{"embeddable":true,"href":"https:\/\/www.hisaigonairport.com\/vi\/wp-json\/wp\/v2\/comments?post=302"}],"version-history":[{"count":0,"href":"https:\/\/www.hisaigonairport.com\/vi\/wp-json\/wp\/v2\/pages\/302\/revisions"}],"wp:featuredmedia":[{"embeddable":true,"href":"https:\/\/www.hisaigonairport.com\/vi\/wp-json\/wp\/v2\/media\/826"}],"wp:attachment":[{"href":"https:\/\/www.hisaigonairport.com\/vi\/wp-json\/wp\/v2\/media?parent=302"}],"curies":[{"name":"wp","href":"https:\/\/api.w.org\/{rel}","templated":true}]}}