{"id":319,"date":"2023-06-06T08:58:52","date_gmt":"2023-06-06T08:58:52","guid":{"rendered":"https:\/\/holiday-inn-saigon-airport.ms.decms.asia\/?page_id=319"},"modified":"2024-04-25T04:26:26","modified_gmt":"2024-04-25T04:26:26","slug":"wedding-enquiry","status":"publish","type":"page","link":"https:\/\/www.hisaigonairport.com\/vi\/meetings-events\/wedding\/wedding-enquiry\/","title":{"rendered":"Wedding Enquiry"},"content":{"rendered":"","protected":false},"excerpt":{"rendered":"","protected":false},"author":167,"featured_media":950,"parent":284,"menu_order":0,"comment_status":"closed","ping_status":"closed","template":"tpl-forms\/tpl-forms.php","meta":{"footnotes":""},"acf":[],"yoast_head":"<!-- This site is optimized with the Yoast SEO plugin v22.3 - https:\/\/yoast.com\/wordpress\/plugins\/seo\/ -->\n<title>Wedding Enquiry | Holiday Inn &amp; Suites Saigon Airport<\/title>\n<meta name=\"description\" content=\"Wedding enquiry - \u0110i\u1ec1n th\u00f4ng tin v\u00e0o m\u1eabu y\u00eau c\u1ea7u t\u1ed5 ch\u1ee9c ti\u1ec7c c\u01b0\u1edbi \u0111\u1ec3 ch\u00fang t\u00f4i li\u00ean h\u1ec7 t\u01b0 v\u1ea5n v\u00e0 t\u1ea1o n\u00ean m\u1ed9t ng\u00e0y tr\u1ecdng \u0111\u1ea1i \u0111\u00e1ng nh\u1edb.\" \/>\n<meta name=\"robots\" content=\"index, follow, max-snippet:-1, max-image-preview:large, max-video-preview:-1\" \/>\n<link rel=\"canonical\" href=\"https:\/\/www.hisaigonairport.com\/vi\/meetings-events\/wedding\/wedding-enquiry\/\" \/>\n<meta property=\"og:locale\" content=\"vi_VN\" \/>\n<meta property=\"og:type\" content=\"article\" \/>\n<meta property=\"og:title\" content=\"Wedding Enquiry | Holiday Inn &amp; Suites Saigon Airport\" \/>\n<meta property=\"og:description\" content=\"Wedding enquiry - \u0110i\u1ec1n th\u00f4ng tin v\u00e0o m\u1eabu y\u00eau c\u1ea7u t\u1ed5 ch\u1ee9c ti\u1ec7c c\u01b0\u1edbi \u0111\u1ec3 ch\u00fang t\u00f4i li\u00ean h\u1ec7 t\u01b0 v\u1ea5n v\u00e0 t\u1ea1o n\u00ean m\u1ed9t ng\u00e0y tr\u1ecdng \u0111\u1ea1i \u0111\u00e1ng nh\u1edb.\" \/>\n<meta property=\"og:url\" content=\"https:\/\/www.hisaigonairport.com\/vi\/meetings-events\/wedding\/wedding-enquiry\/\" \/>\n<meta property=\"og:site_name\" content=\"Holiday Inn Saigon Airport\" \/>\n<meta property=\"article:publisher\" content=\"https:\/\/www.facebook.com\/holidayinnsaigon\/\" \/>\n<meta property=\"article:modified_time\" content=\"2024-04-25T04:26:26+00:00\" \/>\n<meta property=\"og:image\" content=\"https:\/\/www.hisaigonairport.com\/wp-content\/uploads\/sites\/283\/2024\/04\/HDS_0021.jpg\" \/>\n\t<meta property=\"og:image:width\" content=\"2560\" \/>\n\t<meta property=\"og:image:height\" content=\"1707\" \/>\n\t<meta property=\"og:image:type\" content=\"image\/jpeg\" \/>\n<meta name=\"twitter:card\" content=\"summary_large_image\" \/>\n<script type=\"application\/ld+json\" class=\"yoast-schema-graph\">{\"@context\":\"https:\/\/schema.org\",\"@graph\":[{\"@type\":\"WebPage\",\"@id\":\"https:\/\/www.hisaigonairport.com\/vi\/meetings-events\/wedding\/wedding-enquiry\/\",\"url\":\"https:\/\/www.hisaigonairport.com\/vi\/meetings-events\/wedding\/wedding-enquiry\/\",\"name\":\"Wedding Enquiry | Holiday Inn & Suites Saigon Airport\",\"isPartOf\":{\"@id\":\"https:\/\/www.hisaigonairport.com\/vi\/#website\"},\"primaryImageOfPage\":{\"@id\":\"https:\/\/www.hisaigonairport.com\/vi\/meetings-events\/wedding\/wedding-enquiry\/#primaryimage\"},\"image\":{\"@id\":\"https:\/\/www.hisaigonairport.com\/vi\/meetings-events\/wedding\/wedding-enquiry\/#primaryimage\"},\"thumbnailUrl\":\"https:\/\/www.hisaigonairport.com\/wp-content\/uploads\/sites\/283\/2024\/04\/HDS_0021.jpg\",\"datePublished\":\"2023-06-06T08:58:52+00:00\",\"dateModified\":\"2024-04-25T04:26:26+00:00\",\"description\":\"Wedding enquiry - \u0110i\u1ec1n th\u00f4ng tin v\u00e0o m\u1eabu y\u00eau c\u1ea7u t\u1ed5 ch\u1ee9c ti\u1ec7c c\u01b0\u1edbi \u0111\u1ec3 ch\u00fang t\u00f4i li\u00ean h\u1ec7 t\u01b0 v\u1ea5n v\u00e0 t\u1ea1o n\u00ean m\u1ed9t ng\u00e0y tr\u1ecdng \u0111\u1ea1i \u0111\u00e1ng nh\u1edb.\",\"breadcrumb\":{\"@id\":\"https:\/\/www.hisaigonairport.com\/vi\/meetings-events\/wedding\/wedding-enquiry\/#breadcrumb\"},\"inLanguage\":\"vi-VN\",\"potentialAction\":[{\"@type\":\"ReadAction\",\"target\":[\"https:\/\/www.hisaigonairport.com\/vi\/meetings-events\/wedding\/wedding-enquiry\/\"]}]},{\"@type\":\"ImageObject\",\"inLanguage\":\"vi-VN\",\"@id\":\"https:\/\/www.hisaigonairport.com\/vi\/meetings-events\/wedding\/wedding-enquiry\/#primaryimage\",\"url\":\"https:\/\/www.hisaigonairport.com\/wp-content\/uploads\/sites\/283\/2024\/04\/HDS_0021.jpg\",\"contentUrl\":\"https:\/\/www.hisaigonairport.com\/wp-content\/uploads\/sites\/283\/2024\/04\/HDS_0021.jpg\",\"width\":2560,\"height\":1707,\"caption\":\"Fill your wedding enquiry and get your dream wedding start here \/ \u0110i\u1ec1n th\u00f4ng tin v\u00e0o m\u1eabu y\u00eau c\u1ea7u t\u1ed5 ch\u1ee9c ti\u1ec7c c\u01b0\u1edbi\"},{\"@type\":\"BreadcrumbList\",\"@id\":\"https:\/\/www.hisaigonairport.com\/vi\/meetings-events\/wedding\/wedding-enquiry\/#breadcrumb\",\"itemListElement\":[{\"@type\":\"ListItem\",\"position\":1,\"name\":\"Home\",\"item\":\"https:\/\/www.hisaigonairport.com\/vi\/\"},{\"@type\":\"ListItem\",\"position\":2,\"name\":\"H\u1ed9i ngh\u1ecb &amp; S\u1ef1 ki\u1ec7n\",\"item\":\"https:\/\/www.hisaigonairport.com\/vi\/meetings-events\/\"},{\"@type\":\"ListItem\",\"position\":3,\"name\":\"Ti\u1ec7c c\u01b0\u1edbi\",\"item\":\"https:\/\/www.hisaigonairport.com\/vi\/meetings-events\/wedding\/\"},{\"@type\":\"ListItem\",\"position\":4,\"name\":\"Wedding Enquiry\"}]},{\"@type\":\"WebSite\",\"@id\":\"https:\/\/www.hisaigonairport.com\/vi\/#website\",\"url\":\"https:\/\/www.hisaigonairport.com\/vi\/\",\"name\":\"Holiday Inn & Suites Saigon Airport\",\"description\":\"\",\"publisher\":{\"@id\":\"https:\/\/www.hisaigonairport.com\/vi\/#organization\"},\"alternateName\":\"Holiday Inn & Suites Saigon Airport by IHG\",\"potentialAction\":[{\"@type\":\"SearchAction\",\"target\":{\"@type\":\"EntryPoint\",\"urlTemplate\":\"https:\/\/www.hisaigonairport.com\/vi\/?s={search_term_string}\"},\"query-input\":\"required name=search_term_string\"}],\"inLanguage\":\"vi-VN\"},{\"@type\":\"Organization\",\"@id\":\"https:\/\/www.hisaigonairport.com\/vi\/#organization\",\"name\":\"Holiday Inn & Suites Saigon Airport\",\"alternateName\":\"Holiday Inn & Suites Saigon Airport by IHG\",\"url\":\"https:\/\/www.hisaigonairport.com\/vi\/\",\"logo\":{\"@type\":\"ImageObject\",\"inLanguage\":\"vi-VN\",\"@id\":\"https:\/\/www.hisaigonairport.com\/vi\/#\/schema\/logo\/image\/\",\"url\":\"https:\/\/www.hisaigonairport.com\/wp-content\/uploads\/sites\/283\/2025\/09\/HISA_Vertical-Lockup_Brandmark-by-IHG_RGB.png\",\"contentUrl\":\"https:\/\/www.hisaigonairport.com\/wp-content\/uploads\/sites\/283\/2025\/09\/HISA_Vertical-Lockup_Brandmark-by-IHG_RGB.png\",\"width\":1819,\"height\":2200,\"caption\":\"Holiday Inn & Suites Saigon Airport\"},\"image\":{\"@id\":\"https:\/\/www.hisaigonairport.com\/vi\/#\/schema\/logo\/image\/\"},\"sameAs\":[\"https:\/\/www.facebook.com\/holidayinnsaigon\/\"]}]}<\/script>\n<!-- \/ Yoast SEO plugin. -->","yoast_head_json":{"title":"Wedding Enquiry | Holiday Inn & Suites Saigon Airport","description":"Wedding enquiry - \u0110i\u1ec1n th\u00f4ng tin v\u00e0o m\u1eabu y\u00eau c\u1ea7u t\u1ed5 ch\u1ee9c ti\u1ec7c c\u01b0\u1edbi \u0111\u1ec3 ch\u00fang t\u00f4i li\u00ean h\u1ec7 t\u01b0 v\u1ea5n v\u00e0 t\u1ea1o n\u00ean m\u1ed9t ng\u00e0y tr\u1ecdng \u0111\u1ea1i \u0111\u00e1ng nh\u1edb.","robots":{"index":"index","follow":"follow","max-snippet":"max-snippet:-1","max-image-preview":"max-image-preview:large","max-video-preview":"max-video-preview:-1"},"canonical":"https:\/\/www.hisaigonairport.com\/vi\/meetings-events\/wedding\/wedding-enquiry\/","og_locale":"vi_VN","og_type":"article","og_title":"Wedding Enquiry | Holiday Inn & Suites Saigon Airport","og_description":"Wedding enquiry - \u0110i\u1ec1n th\u00f4ng tin v\u00e0o m\u1eabu y\u00eau c\u1ea7u t\u1ed5 ch\u1ee9c ti\u1ec7c c\u01b0\u1edbi \u0111\u1ec3 ch\u00fang t\u00f4i li\u00ean h\u1ec7 t\u01b0 v\u1ea5n v\u00e0 t\u1ea1o n\u00ean m\u1ed9t ng\u00e0y tr\u1ecdng \u0111\u1ea1i \u0111\u00e1ng nh\u1edb.","og_url":"https:\/\/www.hisaigonairport.com\/vi\/meetings-events\/wedding\/wedding-enquiry\/","og_site_name":"Holiday Inn Saigon Airport","article_publisher":"https:\/\/www.facebook.com\/holidayinnsaigon\/","article_modified_time":"2024-04-25T04:26:26+00:00","og_image":[{"width":2560,"height":1707,"url":"https:\/\/www.hisaigonairport.com\/wp-content\/uploads\/sites\/283\/2024\/04\/HDS_0021.jpg","type":"image\/jpeg"}],"twitter_card":"summary_large_image","schema":{"@context":"https:\/\/schema.org","@graph":[{"@type":"WebPage","@id":"https:\/\/www.hisaigonairport.com\/vi\/meetings-events\/wedding\/wedding-enquiry\/","url":"https:\/\/www.hisaigonairport.com\/vi\/meetings-events\/wedding\/wedding-enquiry\/","name":"Wedding Enquiry | Holiday Inn & Suites Saigon Airport","isPartOf":{"@id":"https:\/\/www.hisaigonairport.com\/vi\/#website"},"primaryImageOfPage":{"@id":"https:\/\/www.hisaigonairport.com\/vi\/meetings-events\/wedding\/wedding-enquiry\/#primaryimage"},"image":{"@id":"https:\/\/www.hisaigonairport.com\/vi\/meetings-events\/wedding\/wedding-enquiry\/#primaryimage"},"thumbnailUrl":"https:\/\/www.hisaigonairport.com\/wp-content\/uploads\/sites\/283\/2024\/04\/HDS_0021.jpg","datePublished":"2023-06-06T08:58:52+00:00","dateModified":"2024-04-25T04:26:26+00:00","description":"Wedding enquiry - \u0110i\u1ec1n th\u00f4ng tin v\u00e0o m\u1eabu y\u00eau c\u1ea7u t\u1ed5 ch\u1ee9c ti\u1ec7c c\u01b0\u1edbi \u0111\u1ec3 ch\u00fang t\u00f4i li\u00ean h\u1ec7 t\u01b0 v\u1ea5n v\u00e0 t\u1ea1o n\u00ean m\u1ed9t ng\u00e0y tr\u1ecdng \u0111\u1ea1i \u0111\u00e1ng nh\u1edb.","breadcrumb":{"@id":"https:\/\/www.hisaigonairport.com\/vi\/meetings-events\/wedding\/wedding-enquiry\/#breadcrumb"},"inLanguage":"vi-VN","potentialAction":[{"@type":"ReadAction","target":["https:\/\/www.hisaigonairport.com\/vi\/meetings-events\/wedding\/wedding-enquiry\/"]}]},{"@type":"ImageObject","inLanguage":"vi-VN","@id":"https:\/\/www.hisaigonairport.com\/vi\/meetings-events\/wedding\/wedding-enquiry\/#primaryimage","url":"https:\/\/www.hisaigonairport.com\/wp-content\/uploads\/sites\/283\/2024\/04\/HDS_0021.jpg","contentUrl":"https:\/\/www.hisaigonairport.com\/wp-content\/uploads\/sites\/283\/2024\/04\/HDS_0021.jpg","width":2560,"height":1707,"caption":"Fill your wedding enquiry and get your dream wedding start here \/ \u0110i\u1ec1n th\u00f4ng tin v\u00e0o m\u1eabu y\u00eau c\u1ea7u t\u1ed5 ch\u1ee9c ti\u1ec7c c\u01b0\u1edbi"},{"@type":"BreadcrumbList","@id":"https:\/\/www.hisaigonairport.com\/vi\/meetings-events\/wedding\/wedding-enquiry\/#breadcrumb","itemListElement":[{"@type":"ListItem","position":1,"name":"Home","item":"https:\/\/www.hisaigonairport.com\/vi\/"},{"@type":"ListItem","position":2,"name":"H\u1ed9i ngh\u1ecb &amp; S\u1ef1 ki\u1ec7n","item":"https:\/\/www.hisaigonairport.com\/vi\/meetings-events\/"},{"@type":"ListItem","position":3,"name":"Ti\u1ec7c c\u01b0\u1edbi","item":"https:\/\/www.hisaigonairport.com\/vi\/meetings-events\/wedding\/"},{"@type":"ListItem","position":4,"name":"Wedding Enquiry"}]},{"@type":"WebSite","@id":"https:\/\/www.hisaigonairport.com\/vi\/#website","url":"https:\/\/www.hisaigonairport.com\/vi\/","name":"Holiday Inn & Suites Saigon Airport","description":"","publisher":{"@id":"https:\/\/www.hisaigonairport.com\/vi\/#organization"},"alternateName":"Holiday Inn & Suites Saigon Airport by IHG","potentialAction":[{"@type":"SearchAction","target":{"@type":"EntryPoint","urlTemplate":"https:\/\/www.hisaigonairport.com\/vi\/?s={search_term_string}"},"query-input":"required name=search_term_string"}],"inLanguage":"vi-VN"},{"@type":"Organization","@id":"https:\/\/www.hisaigonairport.com\/vi\/#organization","name":"Holiday Inn & Suites Saigon Airport","alternateName":"Holiday Inn & Suites Saigon Airport by IHG","url":"https:\/\/www.hisaigonairport.com\/vi\/","logo":{"@type":"ImageObject","inLanguage":"vi-VN","@id":"https:\/\/www.hisaigonairport.com\/vi\/#\/schema\/logo\/image\/","url":"https:\/\/www.hisaigonairport.com\/wp-content\/uploads\/sites\/283\/2025\/09\/HISA_Vertical-Lockup_Brandmark-by-IHG_RGB.png","contentUrl":"https:\/\/www.hisaigonairport.com\/wp-content\/uploads\/sites\/283\/2025\/09\/HISA_Vertical-Lockup_Brandmark-by-IHG_RGB.png","width":1819,"height":2200,"caption":"Holiday Inn & Suites Saigon Airport"},"image":{"@id":"https:\/\/www.hisaigonairport.com\/vi\/#\/schema\/logo\/image\/"},"sameAs":["https:\/\/www.facebook.com\/holidayinnsaigon\/"]}]}},"_links":{"self":[{"href":"https:\/\/www.hisaigonairport.com\/vi\/wp-json\/wp\/v2\/pages\/319"}],"collection":[{"href":"https:\/\/www.hisaigonairport.com\/vi\/wp-json\/wp\/v2\/pages"}],"about":[{"href":"https:\/\/www.hisaigonairport.com\/vi\/wp-json\/wp\/v2\/types\/page"}],"author":[{"embeddable":true,"href":"https:\/\/www.hisaigonairport.com\/vi\/wp-json\/wp\/v2\/users\/167"}],"replies":[{"embeddable":true,"href":"https:\/\/www.hisaigonairport.com\/vi\/wp-json\/wp\/v2\/comments?post=319"}],"version-history":[{"count":0,"href":"https:\/\/www.hisaigonairport.com\/vi\/wp-json\/wp\/v2\/pages\/319\/revisions"}],"up":[{"embeddable":true,"href":"https:\/\/www.hisaigonairport.com\/vi\/wp-json\/wp\/v2\/pages\/284"}],"wp:featuredmedia":[{"embeddable":true,"href":"https:\/\/www.hisaigonairport.com\/vi\/wp-json\/wp\/v2\/media\/950"}],"wp:attachment":[{"href":"https:\/\/www.hisaigonairport.com\/vi\/wp-json\/wp\/v2\/media?parent=319"}],"curies":[{"name":"wp","href":"https:\/\/api.w.org\/{rel}","templated":true}]}}